{"id":2992,"date":"2023-11-13T16:47:52","date_gmt":"2023-11-13T15:47:52","guid":{"rendered":"https:\/\/www.palazzolarocca.it\/raguse\/"},"modified":"2025-12-16T15:25:47","modified_gmt":"2025-12-16T14:25:47","slug":"raguse","status":"publish","type":"page","link":"https:\/\/www.palazzolarocca.it\/fr\/home\/decouvrir-les-villes\/raguse\/","title":{"rendered":"Raguse"},"content":{"rendered":"\t\t<div data-elementor-type=\"wp-page\" data-elementor-id=\"2992\" class=\"elementor elementor-2992 elementor-676\">\n\t\t\t\t\t\t\t<div class=\"elementor-element elementor-element-a647a06 e-flex e-con-boxed e-con\" data-id=\"a647a06\" data-element_type=\"container\" data-settings=\"{&quot;background_background&quot;:&quot;classic&quot;,&quot;content_width&quot;:&quot;boxed&quot;}\">\n\t\t\t\t\t<div class=\"e-con-inner\">\n\t\t\t\t<div class=\"elementor-element elementor-element-aa05570 elementor-widget elementor-widget-heading\" data-id=\"aa05570\" data-element_type=\"widget\" data-widget_type=\"heading.default\">\n\t\t\t\t<div class=\"elementor-widget-container\">\n\t\t\t<style>\/*! elementor - v3.15.0 - 02-08-2023 *\/\n.elementor-heading-title{padding:0;margin:0;line-height:1}.elementor-widget-heading .elementor-heading-title[class*=elementor-size-]>a{color:inherit;font-size:inherit;line-height:inherit}.elementor-widget-heading .elementor-heading-title.elementor-size-small{font-size:15px}.elementor-widget-heading .elementor-heading-title.elementor-size-medium{font-size:19px}.elementor-widget-heading .elementor-heading-title.elementor-size-large{font-size:29px}.elementor-widget-heading .elementor-heading-title.elementor-size-xl{font-size:39px}.elementor-widget-heading .elementor-heading-title.elementor-size-xxl{font-size:59px}<\/style><h1 class=\"elementor-heading-title elementor-size-default\">L'histoire de Raguse<\/h1>\t\t<\/div>\n\t\t\t\t<\/div>\n\t\t\t\t\t<\/div>\n\t\t\t\t<\/div>\n\t\t<div class=\"elementor-element elementor-element-c0fdacd e-flex e-con-boxed e-con\" data-id=\"c0fdacd\" data-element_type=\"container\" data-settings=\"{&quot;background_background&quot;:&quot;classic&quot;,&quot;content_width&quot;:&quot;boxed&quot;}\">\n\t\t\t\t\t<div class=\"e-con-inner\">\n\t\t<div class=\"elementor-element elementor-element-662cf21 e-con-full e-flex e-con\" data-id=\"662cf21\" data-element_type=\"container\" data-settings=\"{&quot;content_width&quot;:&quot;full&quot;}\">\n\t\t\t\t<div class=\"elementor-element elementor-element-99d6640 elementor-widget elementor-widget-text-editor\" data-id=\"99d6640\" data-element_type=\"widget\" data-widget_type=\"text-editor.default\">\n\t\t\t\t<div class=\"elementor-widget-container\">\n\t\t\t<style>\/*! elementor - v3.15.0 - 02-08-2023 *\/\n.elementor-widget-text-editor.elementor-drop-cap-view-stacked .elementor-drop-cap{background-color:#69727d;color:#fff}.elementor-widget-text-editor.elementor-drop-cap-view-framed .elementor-drop-cap{color:#69727d;border:3px solid;background-color:transparent}.elementor-widget-text-editor:not(.elementor-drop-cap-view-default) .elementor-drop-cap{margin-top:8px}.elementor-widget-text-editor:not(.elementor-drop-cap-view-default) .elementor-drop-cap-letter{width:1em;height:1em}.elementor-widget-text-editor .elementor-drop-cap{float:left;text-align:center;line-height:1;font-size:50px}.elementor-widget-text-editor .elementor-drop-cap-letter{display:inline-block}<\/style>\t\t\t\t<p>Raguse \u00e9tait \u00e0 l&rsquo;origine un \u00e9tat indig\u00e8ne qui fut hell\u00e9nis\u00e9 par les Camarinesi autour du VIe si\u00e8cle av. J.-C., avant de devenir un fief byzantin dont il reste encore de nombreux vestiges. Conquise par les Arabes, puis par les Normands, <br \/>Raguse fut le chef-lieu du \u00ab <em>Comt\u00e9 de Modica<\/em> \u00bb jusqu&rsquo;au milieu du XVe s. Ce comt\u00e9 important et de vastes proportions, que les souverains normands avaient confi\u00e9 aux membres de leur maison, fut ensuite attribu\u00e9 \u00e0 la famille Chiaramonte par les Aragonais, puis passa aux Cabrera au XIVe s. <br \/>Apr\u00e8s le tremblement de terre d\u00e9sastreux du 11 janvier 1693, les Ragusains se trouv\u00e8rent devant un dilemme sur la reconstruction : reb\u00e2tir la ville sur son ancien emplacement ou sur un autre site ?<br \/>L&#8217;emphyt\u00e9ose, qui avait commenc\u00e9 sous les Cabrera, avait conduit \u00e0 la formation d&rsquo;une nouvelle classe sociale bourgeoise : les \u00ab <em>massari <\/em> \u00bb, des fermiers qui cherchaient \u00e0 s&rsquo;affranchir de l&rsquo;aristocratie li\u00e9e au clerg\u00e9. Le conflit de primaut\u00e9 entre les deux principales \u00e9glises m\u00e8res, Saint-Georges et Saint-Jean, la premi\u00e8re li\u00e9e \u00e0 la noblesse, la seconde \u00e0 la bourgeoisie, fut ainsi tranch\u00e9 suite au s\u00e9isme qui conduisit \u00e0 l&rsquo;autonomie de la nouvelle classe qui s&rsquo;identifiait \u00e0 l&rsquo;\u00e9glise de Saint-Jean. La bourgeoisie reconstruisit imm\u00e9diatement son \u00e9glise, d&rsquo;abord dans une b\u00e2tisse en bois situ\u00e9e \u00e0 Piano del Patro, \u00e0 savoir dans la ville actuelle de Ragusa Superiore. Durant l&rsquo;\u00e9t\u00e9 de 1693, le procureur g\u00e9n\u00e9ral du comte de Modica avait d\u00e9j\u00e0 donn\u00e9 son autorisation \u00e0 la construction de la nouvelle ville de Raguse, selon un ordonnancement urbain \u00e0 trame orthogonale, typiquement \u00ab baroque \u00bb.<br \/>Les deux autres classes, la noblesse et le clerg\u00e9, reconstruisirent leur nouvel habitat sur l&rsquo;ancien site, Ragusa Ibla, en suivant l&rsquo;ancien trac\u00e9 urbain de la ville d\u00e9truite par le s\u00e9isme, c&rsquo;est-\u00e0-dire selon un trac\u00e9 de facture m\u00e9di\u00e9vale, en transf\u00e9rant l&rsquo;ancienne \u00e9glise Saint-Georges l\u00e0 o\u00f9 se dressait l&rsquo;\u00e9glise Saint-Nicolas, o\u00f9 l&rsquo;office \u00e9tait encore c\u00e9l\u00e9br\u00e9 au rite grec orthodoxe. <br \/>Gr\u00e2ce \u00e0 la donation de terrains o\u00f9 se dressaient les palais d\u00e9truits par le s\u00e9isme, une grande place fut r\u00e9alis\u00e9e dans la zone devant l&rsquo;\u00e9glise, l\u00e0 o\u00f9 s&rsquo;\u00e9l\u00e8ve le D\u00f4me Saint-Georges.<br \/>Depuis 2002, le centre historique de Raguse et ses dix-huit monuments sont inscrits au Patrimoine mondial de l&rsquo;UNESCO. Il s&rsquo;agit plus pr\u00e9cis\u00e9ment de :<br \/>la cath\u00e9drale Saint-Jean (<strong style=\"color: #4054a1;\">1<\/strong>); le d\u00f4me Saint-Georges (<strong style=\"color: #4054a1;\">2<\/strong>); l&rsquo;\u00e9glise Sainte-Marie-des-Miracles (<strong style=\"color: #4054a1;\">3<\/strong>); l&rsquo;\u00e9glise Saint-Joseph (<strong style=\"color: #4054a1;\">4<\/strong>); l&rsquo;\u00e9glise des mes saintes du Purgatoire (<strong style=\"color: #4054a1;\">5<\/strong>); l&rsquo;\u00e9glise Saint-Philippe-N\u00e9ri (<strong style=\"color: #4054a1;\">6<\/strong>); l&rsquo;\u00e9glise Sainte-Marie-de-l&rsquo;Itrie (<strong style=\"color: #4054a1;\">7<\/strong>); l&rsquo;\u00e9glise et le couvent Saint-Fran\u00e7ois-d&rsquo;Assise \u00e0 l&rsquo;Immacul\u00e9e Conception (<strong style=\"color: #4054a1;\">8<\/strong>); l&rsquo;\u00e9glise et le couvent Sainte-Marie-de-J\u00e9sus (<strong style=\"color: #4054a1;\">9<\/strong>); le palais Zacco (<strong style=\"color: #4054a1;\">10<\/strong>); le palais Sortino-Trono (<strong style=\"color: #4054a1;\">11<\/strong>); le palais de la Chancellerie (<strong style=\"color: #4054a1;\">12<\/strong>); le palais Cosentini (<strong style=\"color: #4054a1;\">13<\/strong>); le palais Battaglia (<strong style=\"color: #4054a1;\">14<\/strong>); le palais Florida (Bertini)(<strong style=\"color: #4054a1;\">15<\/strong>); le palais La Rocca (<strong style=\"color: #4054a1;\">16<\/strong>); le palais \u00e9piscopal (<strong style=\"color: #4054a1;\">17<\/strong>); l&rsquo;\u00e9glise Sainte-Marie des Escaliers (<strong style=\"color: #4054a1;\">18<\/strong>).<\/p>\n\t\t\t\t\t\t<\/div>\n\t\t\t\t<\/div>\n\t\t\t\t<\/div>\n\t\t<div class=\"elementor-element elementor-element-2dd1cf1 e-con-full e-flex e-con\" data-id=\"2dd1cf1\" data-element_type=\"container\" data-settings=\"{&quot;content_width&quot;:&quot;full&quot;}\">\n\t\t<div class=\"elementor-element elementor-element-1e0522a e-flex e-con-boxed e-con\" data-id=\"1e0522a\" data-element_type=\"container\" data-settings=\"{&quot;content_width&quot;:&quot;boxed&quot;}\">\n\t\t\t\t\t<div class=\"e-con-inner\">\n\t\t\t\t<div class=\"elementor-element elementor-element-1ec4639 elementor-widget elementor-widget-video\" data-id=\"1ec4639\" data-element_type=\"widget\" data-settings=\"{&quot;video_type&quot;:&quot;hosted&quot;,&quot;controls&quot;:&quot;yes&quot;}\" data-widget_type=\"video.default\">\n\t\t\t\t<div class=\"elementor-widget-container\">\n\t\t\t<style>\/*! elementor - v3.15.0 - 02-08-2023 *\/\n.elementor-widget-video .elementor-widget-container{overflow:hidden;transform:translateZ(0)}.elementor-widget-video .elementor-wrapper{aspect-ratio:var(--video-aspect-ratio)}.elementor-widget-video .elementor-wrapper iframe,.elementor-widget-video .elementor-wrapper video{height:100%;width:100%;display:flex;border:none;background-color:#000}@supports not (aspect-ratio:1\/1){.elementor-widget-video .elementor-wrapper{position:relative;overflow:hidden;height:0;padding-bottom:calc(100% \/ var(--video-aspect-ratio))}.elementor-widget-video .elementor-wrapper iframe,.elementor-widget-video .elementor-wrapper video{position:absolute;top:0;right:0;bottom:0;left:0}}.elementor-widget-video .elementor-open-inline .elementor-custom-embed-image-overlay{position:absolute;top:0;right:0;bottom:0;left:0;background-size:cover;background-position:50%}.elementor-widget-video .elementor-custom-embed-image-overlay{cursor:pointer;text-align:center}.elementor-widget-video .elementor-custom-embed-image-overlay:hover .elementor-custom-embed-play i{opacity:1}.elementor-widget-video .elementor-custom-embed-image-overlay img{display:block;width:100%;aspect-ratio:var(--video-aspect-ratio);-o-object-fit:cover;object-fit:cover;-o-object-position:center center;object-position:center center}@supports not (aspect-ratio:1\/1){.elementor-widget-video .elementor-custom-embed-image-overlay{position:relative;overflow:hidden;height:0;padding-bottom:calc(100% \/ var(--video-aspect-ratio))}.elementor-widget-video .elementor-custom-embed-image-overlay img{position:absolute;top:0;right:0;bottom:0;left:0}}.elementor-widget-video .e-hosted-video .elementor-video{-o-object-fit:cover;object-fit:cover}.e-con-inner>.elementor-widget-video,.e-con>.elementor-widget-video{width:var(--container-widget-width);--flex-grow:var(--container-widget-flex-grow)}<\/style>\t\t<div class=\"e-hosted-video elementor-wrapper elementor-open-inline\">\n\t\t\t\t\t<video class=\"elementor-video\" src=\"https:\/\/www.palazzolarocca.it\/wp-content\/uploads\/2023\/10\/01-Ragusa-Generale_v02.mp4\" controls=\"\" preload=\"metadata\" controlsList=\"nodownload\"><\/video>\n\t\t\t\t<\/div>\n\t\t\t\t<\/div>\n\t\t\t\t<\/div>\n\t\t\t\t\t<\/div>\n\t\t\t\t<\/div>\n\t\t<div class=\"elementor-element elementor-element-49a07cf e-flex e-con-boxed e-con\" data-id=\"49a07cf\" data-element_type=\"container\" data-settings=\"{&quot;content_width&quot;:&quot;boxed&quot;}\">\n\t\t\t\t\t<div class=\"e-con-inner\">\n\t\t\t\t<div class=\"elementor-element elementor-element-83f82d5 elementor-widget elementor-widget-image\" data-id=\"83f82d5\" data-element_type=\"widget\" data-widget_type=\"image.default\">\n\t\t\t\t<div class=\"elementor-widget-container\">\n\t\t\t<style>\/*! elementor - v3.15.0 - 02-08-2023 *\/\n.elementor-widget-image{text-align:center}.elementor-widget-image a{display:inline-block}.elementor-widget-image a img[src$=\".svg\"]{width:48px}.elementor-widget-image img{vertical-align:middle;display:inline-block}<\/style>\t\t\t\t\t\t\t\t\t\t\t\t<img loading=\"lazy\" decoding=\"async\" width=\"640\" height=\"427\" src=\"https:\/\/www.palazzolarocca.it\/wp-content\/uploads\/2023\/11\/Ragusa-5-1024x683.jpg\" class=\"attachment-large size-large wp-image-3527\" alt=\"Dettaglio della facciata della Chiesa di San Filippo Neri, Ragusa\" srcset=\"https:\/\/www.palazzolarocca.it\/wp-content\/uploads\/2023\/11\/Ragusa-5-1024x683.jpg 1024w, https:\/\/www.palazzolarocca.it\/wp-content\/uploads\/2023\/11\/Ragusa-5-300x200.jpg 300w, https:\/\/www.palazzolarocca.it\/wp-content\/uploads\/2023\/11\/Ragusa-5-768x512.jpg 768w, https:\/\/www.palazzolarocca.it\/wp-content\/uploads\/2023\/11\/Ragusa-5-120x80.jpg 120w, https:\/\/www.palazzolarocca.it\/wp-content\/uploads\/2023\/11\/Ragusa-5-391x260.jpg 391w, https:\/\/www.palazzolarocca.it\/wp-content\/uploads\/2023\/11\/Ragusa-5-1536x1024.jpg 1536w, https:\/\/www.palazzolarocca.it\/wp-content\/uploads\/2023\/11\/Ragusa-5-2048x1366.jpg 2048w\" sizes=\"auto, (max-width: 640px) 100vw, 640px\" \/>\t\t\t\t\t\t\t\t\t\t\t\t\t\t\t<\/div>\n\t\t\t\t<\/div>\n\t\t\t\t\t<\/div>\n\t\t\t\t<\/div>\n\t\t\t\t<\/div>\n\t\t\t\t\t<\/div>\n\t\t\t\t<\/div>\n\t\t<div class=\"elementor-element elementor-element-59262af e-flex e-con-boxed e-con\" data-id=\"59262af\" data-element_type=\"container\" data-settings=\"{&quot;background_background&quot;:&quot;classic&quot;,&quot;content_width&quot;:&quot;boxed&quot;}\">\n\t\t\t\t\t<div class=\"e-con-inner\">\n\t\t\t\t<div class=\"elementor-element elementor-element-b216f49 elementor-widget elementor-widget-heading\" data-id=\"b216f49\" data-element_type=\"widget\" data-widget_type=\"heading.default\">\n\t\t\t\t<div class=\"elementor-widget-container\">\n\t\t\t<h2 class=\"elementor-heading-title elementor-size-default\"><span style=\"font-size: 39.996px;\"><b>D\u00e9couvrez le baroque tardif \u00e0 Raguse<\/b><\/span><\/h2>\t\t<\/div>\n\t\t\t\t<\/div>\n\t\t\t\t<div class=\"elementor-element elementor-element-098ba62 elementor-widget elementor-widget-shortcode\" data-id=\"098ba62\" data-element_type=\"widget\" data-widget_type=\"shortcode.default\">\n\t\t\t\t<div class=\"elementor-widget-container\">\n\t\t\t\t\t<div class=\"elementor-shortcode\"><div class=\"codespacing_progress_map_area cspm_linear_gradient_bg\" data-map-id=\"map1027\" data-show-infobox=\"true\" data-infobox-display-event=\"onload\"  style=\"width:100%; height:808px;\"><input type=\"hidden\" name=\"cspm_map_page_id_map1027\" id=\"cspm_map_page_id_map1027\" value=\"2992\" \/><div class=\"cspm-row\" style=\"margin:0; padding:0;\"><div class=\"cspm-col-lg-12 cspm-col-xs-12 cspm-col-sm-12 cspm-col-md-12\" style=\"position:relative; overflow:hidden; margin:0; padding:0;\"><div class=\"cspm_custom_controls\" data-map-id=\"map1027\"><div class=\"cspm_map_red_msg_widget cspm_border_shadow cspm_border_radius\" data-map-id=\"map1027\"><\/div><div class=\"cspm_map_green_msg_widget cspm_border_shadow cspm_border_radius\" data-map-id=\"map1027\"><\/div><div class=\"cspm_map_orange_msg_widget cspm_border_shadow cspm_border_radius\" data-map-id=\"map1027\"><\/div><div class=\"cspm_map_blue_msg_widget cspm_border_shadow cspm_border_radius\" data-map-id=\"map1027\"><\/div><div class=\"cspm_map_help_msg_widget cspm_border_shadow cspm_border_radius\" data-map-id=\"map1027\"><\/div><div id=\"pulsating_holder\" class=\"map1027_pulsating\"><div class=\"dot cspm_border_hex\"><\/div><\/div><div class=\"cspm_zoom_container\"><div class=\"cspm_zoom_in_map1027 cspm_map_btn cspm_zoom_in_control cspm_bg_rgb_hover cspm_border_shadow cspm_border_top_radius\" title=\"Zoom in\"><img decoding=\"async\" class=\"cspm_svg cspm_svg_white\" src=\"https:\/\/www.palazzolarocca.it\/wp-content\/plugins\/codespacing-progress-map\/img\/svg\/addition-sign.svg\" \/><\/div><div class=\"cspm_zoom_out_map1027 cspm_map_btn cspm_zoom_out_control cspm_bg_rgb_hover cspm_border_shadow cspm_border_bottom_radius\" title=\"Zoom out\"><img decoding=\"async\" class=\"cspm_svg cspm_svg_white\" src=\"https:\/\/www.palazzolarocca.it\/wp-content\/plugins\/codespacing-progress-map\/img\/svg\/minus-sign.svg\" \/><\/div><\/div><div class=\"cluster_posts_widget_map1027 cspm_border_shadow cspm_border_radius\"><div class=\"cspm_infobox_spinner cspm_border_top_after_hex\"><\/div><\/div><div class=\"cspm_recenter_map_btn cspm_map_btn cspm_border_shadow cspm_border_radius\" data-map-id=\"map1027\" title=\"Recenter the map\" style=\"top:115px\"><img decoding=\"async\" class=\"cspm_svg cspm_svg_colored\" src=\"https:\/\/www.palazzolarocca.it\/wp-content\/plugins\/codespacing-progress-map\/img\/svg\/recenter.svg\" \/><\/div><div class=\"cspm_map_sidebars\" data-map-id=\"map1027\"><div class=\"cspm_sidebar top\" data-map-id=\"map1027\" data-content_id=\"\"><\/div><div class=\"cspm_sidebar right\" data-map-id=\"map1027\" data-content_id=\"\"><\/div><div class=\"cspm_sidebar bottom\" data-map-id=\"map1027\" data-content_id=\"\"><\/div><div class=\"cspm_sidebar left\" data-map-id=\"map1027\" data-content_id=\"\"><\/div><\/div><\/div><div id=\"codespacing_progress_map_div_map1027\" data-map-id=\"map1027\" style=\"height:630px;\"><\/div><\/div><\/div><div class=\"cspm-row\" style=\"margin:0; padding:0\"><div id=\"cspm_carousel_container\" data-map-id=\"map1027\" class=\"cspm-col-lg-12 cspm-col-xs-12 cspm-col-sm-12 cspm-col-md-12\" style=\"margin:0; padding:0; height:auto;\"><ul id=\"cspm_carousel_map1027\" data-map-id=\"map1027\" class=\"jcarousel-skin-default\" style=\"height:158px;\"><\/ul><\/div><\/div><\/div><\/div>\n\t\t\t\t<\/div>\n\t\t\t\t<\/div>\n\t\t\t\t<div class=\"elementor-element elementor-element-004a8b2 elementor-widget elementor-widget-spacer\" data-id=\"004a8b2\" data-element_type=\"widget\" data-widget_type=\"spacer.default\">\n\t\t\t\t<div class=\"elementor-widget-container\">\n\t\t\t<style>\/*! elementor - v3.15.0 - 02-08-2023 *\/\n.elementor-column .elementor-spacer-inner{height:var(--spacer-size)}.e-con{--container-widget-width:100%}.e-con-inner>.elementor-widget-spacer,.e-con>.elementor-widget-spacer{width:var(--container-widget-width,var(--spacer-size));--align-self:var(--container-widget-align-self,initial);--flex-shrink:0}.e-con-inner>.elementor-widget-spacer>.elementor-widget-container,.e-con-inner>.elementor-widget-spacer>.elementor-widget-container>.elementor-spacer,.e-con>.elementor-widget-spacer>.elementor-widget-container,.e-con>.elementor-widget-spacer>.elementor-widget-container>.elementor-spacer{height:100%}.e-con-inner>.elementor-widget-spacer>.elementor-widget-container>.elementor-spacer>.elementor-spacer-inner,.e-con>.elementor-widget-spacer>.elementor-widget-container>.elementor-spacer>.elementor-spacer-inner{height:var(--container-widget-height,var(--spacer-size))}<\/style>\t\t<div class=\"elementor-spacer\">\n\t\t\t<div class=\"elementor-spacer-inner\"><\/div>\n\t\t<\/div>\n\t\t\t\t<\/div>\n\t\t\t\t<\/div>\n\t\t\t\t\t<\/div>\n\t\t\t\t<\/div>\n\t\t\t\t\t\t\t<\/div>\n\t\t","protected":false},"excerpt":{"rendered":"<p>L&rsquo;histoire de Raguse Raguse \u00e9tait \u00e0 l&rsquo;origine un \u00e9tat indig\u00e8ne qui fut hell\u00e9nis\u00e9 par les Camarinesi autour du VIe si\u00e8cle av. J.-C., avant de devenir &#8230; <\/p>\n","protected":false},"author":5,"featured_media":0,"parent":3396,"menu_order":0,"comment_status":"closed","ping_status":"closed","template":"elementor_header_footer","meta":{"footnotes":""},"class_list":["post-2992","page","type-page","status-publish","hentry"],"yoast_head":"<!-- This site is optimized with the Yoast SEO plugin v21.5 - https:\/\/yoast.com\/wordpress\/plugins\/seo\/ -->\n<title>Raguse - PALAZZO LA ROCCA<\/title>\n<meta name=\"robots\" content=\"index, follow, max-snippet:-1, max-image-preview:large, max-video-preview:-1\" \/>\n<link rel=\"canonical\" href=\"https:\/\/www.palazzolarocca.it\/fr\/home\/decouvrir-les-villes\/raguse\/\" \/>\n<meta property=\"og:locale\" content=\"fr_FR\" \/>\n<meta property=\"og:type\" content=\"article\" \/>\n<meta property=\"og:title\" content=\"Raguse - PALAZZO LA ROCCA\" \/>\n<meta property=\"og:description\" content=\"L&rsquo;histoire de Raguse Raguse \u00e9tait \u00e0 l&rsquo;origine un \u00e9tat indig\u00e8ne qui fut hell\u00e9nis\u00e9 par les Camarinesi autour du VIe si\u00e8cle av. J.-C., avant de devenir ...\" \/>\n<meta property=\"og:url\" content=\"https:\/\/www.palazzolarocca.it\/fr\/home\/decouvrir-les-villes\/raguse\/\" \/>\n<meta property=\"og:site_name\" content=\"PALAZZO LA ROCCA\" \/>\n<meta property=\"article:modified_time\" content=\"2025-12-16T14:25:47+00:00\" \/>\n<meta property=\"og:image\" content=\"https:\/\/www.palazzolarocca.it\/wp-content\/uploads\/2023\/11\/Ragusa-5-1024x683.jpg\" \/>\n<meta name=\"twitter:card\" content=\"summary_large_image\" \/>\n<meta name=\"twitter:label1\" content=\"Dur\u00e9e de lecture estim\u00e9e\" \/>\n\t<meta name=\"twitter:data1\" content=\"3 minutes\" \/>\n<script type=\"application\/ld+json\" class=\"yoast-schema-graph\">{\"@context\":\"https:\/\/schema.org\",\"@graph\":[{\"@type\":\"WebPage\",\"@id\":\"https:\/\/www.palazzolarocca.it\/fr\/home\/decouvrir-les-villes\/raguse\/\",\"url\":\"https:\/\/www.palazzolarocca.it\/fr\/home\/decouvrir-les-villes\/raguse\/\",\"name\":\"Raguse - PALAZZO LA ROCCA\",\"isPartOf\":{\"@id\":\"https:\/\/www.palazzolarocca.it\/fr\/#website\"},\"datePublished\":\"2023-11-13T15:47:52+00:00\",\"dateModified\":\"2025-12-16T14:25:47+00:00\",\"breadcrumb\":{\"@id\":\"https:\/\/www.palazzolarocca.it\/fr\/home\/decouvrir-les-villes\/raguse\/#breadcrumb\"},\"inLanguage\":\"fr-FR\",\"potentialAction\":[{\"@type\":\"ReadAction\",\"target\":[\"https:\/\/www.palazzolarocca.it\/fr\/home\/decouvrir-les-villes\/raguse\/\"]}]},{\"@type\":\"BreadcrumbList\",\"@id\":\"https:\/\/www.palazzolarocca.it\/fr\/home\/decouvrir-les-villes\/raguse\/#breadcrumb\",\"itemListElement\":[{\"@type\":\"ListItem\",\"position\":1,\"name\":\"Home\",\"item\":\"https:\/\/www.palazzolarocca.it\/fr\/home\/\"},{\"@type\":\"ListItem\",\"position\":2,\"name\":\"Home\",\"item\":\"https:\/\/www.palazzolarocca.it\/fr\/home\/\"},{\"@type\":\"ListItem\",\"position\":3,\"name\":\"D\u00e9couvrez les Villes\",\"item\":\"https:\/\/www.palazzolarocca.it\/fr\/home\/decouvrir-les-villes\/\"},{\"@type\":\"ListItem\",\"position\":4,\"name\":\"Raguse\"}]},{\"@type\":\"WebSite\",\"@id\":\"https:\/\/www.palazzolarocca.it\/fr\/#website\",\"url\":\"https:\/\/www.palazzolarocca.it\/fr\/\",\"name\":\"PALAZZO LA ROCCA\",\"description\":\"Le citt\u00e0 tardo barocche Iblee del Patrimonio Unesco\",\"publisher\":{\"@id\":\"https:\/\/www.palazzolarocca.it\/fr\/#organization\"},\"potentialAction\":[{\"@type\":\"SearchAction\",\"target\":{\"@type\":\"EntryPoint\",\"urlTemplate\":\"https:\/\/www.palazzolarocca.it\/fr\/?s={search_term_string}\"},\"query-input\":\"required name=search_term_string\"}],\"inLanguage\":\"fr-FR\"},{\"@type\":\"Organization\",\"@id\":\"https:\/\/www.palazzolarocca.it\/fr\/#organization\",\"name\":\"PALAZZO LA ROCCA\",\"url\":\"https:\/\/www.palazzolarocca.it\/fr\/\",\"logo\":{\"@type\":\"ImageObject\",\"inLanguage\":\"fr-FR\",\"@id\":\"https:\/\/www.palazzolarocca.it\/fr\/#\/schema\/logo\/image\/\",\"url\":\"https:\/\/www.palazzolarocca.it\/wp-content\/uploads\/2023\/10\/cropped-logo_istituzionale_ridotto-2.png\",\"contentUrl\":\"https:\/\/www.palazzolarocca.it\/wp-content\/uploads\/2023\/10\/cropped-logo_istituzionale_ridotto-2.png\",\"width\":80,\"height\":13,\"caption\":\"PALAZZO LA ROCCA\"},\"image\":{\"@id\":\"https:\/\/www.palazzolarocca.it\/fr\/#\/schema\/logo\/image\/\"}}]}<\/script>\n<!-- \/ Yoast SEO plugin. -->","yoast_head_json":{"title":"Raguse - PALAZZO LA ROCCA","robots":{"index":"index","follow":"follow","max-snippet":"max-snippet:-1","max-image-preview":"max-image-preview:large","max-video-preview":"max-video-preview:-1"},"canonical":"https:\/\/www.palazzolarocca.it\/fr\/home\/decouvrir-les-villes\/raguse\/","og_locale":"fr_FR","og_type":"article","og_title":"Raguse - PALAZZO LA ROCCA","og_description":"L&rsquo;histoire de Raguse Raguse \u00e9tait \u00e0 l&rsquo;origine un \u00e9tat indig\u00e8ne qui fut hell\u00e9nis\u00e9 par les Camarinesi autour du VIe si\u00e8cle av. J.-C., avant de devenir ...","og_url":"https:\/\/www.palazzolarocca.it\/fr\/home\/decouvrir-les-villes\/raguse\/","og_site_name":"PALAZZO LA ROCCA","article_modified_time":"2025-12-16T14:25:47+00:00","og_image":[{"url":"https:\/\/www.palazzolarocca.it\/wp-content\/uploads\/2023\/11\/Ragusa-5-1024x683.jpg"}],"twitter_card":"summary_large_image","twitter_misc":{"Dur\u00e9e de lecture estim\u00e9e":"3 minutes"},"schema":{"@context":"https:\/\/schema.org","@graph":[{"@type":"WebPage","@id":"https:\/\/www.palazzolarocca.it\/fr\/home\/decouvrir-les-villes\/raguse\/","url":"https:\/\/www.palazzolarocca.it\/fr\/home\/decouvrir-les-villes\/raguse\/","name":"Raguse - PALAZZO LA ROCCA","isPartOf":{"@id":"https:\/\/www.palazzolarocca.it\/fr\/#website"},"datePublished":"2023-11-13T15:47:52+00:00","dateModified":"2025-12-16T14:25:47+00:00","breadcrumb":{"@id":"https:\/\/www.palazzolarocca.it\/fr\/home\/decouvrir-les-villes\/raguse\/#breadcrumb"},"inLanguage":"fr-FR","potentialAction":[{"@type":"ReadAction","target":["https:\/\/www.palazzolarocca.it\/fr\/home\/decouvrir-les-villes\/raguse\/"]}]},{"@type":"BreadcrumbList","@id":"https:\/\/www.palazzolarocca.it\/fr\/home\/decouvrir-les-villes\/raguse\/#breadcrumb","itemListElement":[{"@type":"ListItem","position":1,"name":"Home","item":"https:\/\/www.palazzolarocca.it\/fr\/home\/"},{"@type":"ListItem","position":2,"name":"Home","item":"https:\/\/www.palazzolarocca.it\/fr\/home\/"},{"@type":"ListItem","position":3,"name":"D\u00e9couvrez les Villes","item":"https:\/\/www.palazzolarocca.it\/fr\/home\/decouvrir-les-villes\/"},{"@type":"ListItem","position":4,"name":"Raguse"}]},{"@type":"WebSite","@id":"https:\/\/www.palazzolarocca.it\/fr\/#website","url":"https:\/\/www.palazzolarocca.it\/fr\/","name":"PALAZZO LA ROCCA","description":"Le citt\u00e0 tardo barocche Iblee del Patrimonio Unesco","publisher":{"@id":"https:\/\/www.palazzolarocca.it\/fr\/#organization"},"potentialAction":[{"@type":"SearchAction","target":{"@type":"EntryPoint","urlTemplate":"https:\/\/www.palazzolarocca.it\/fr\/?s={search_term_string}"},"query-input":"required name=search_term_string"}],"inLanguage":"fr-FR"},{"@type":"Organization","@id":"https:\/\/www.palazzolarocca.it\/fr\/#organization","name":"PALAZZO LA ROCCA","url":"https:\/\/www.palazzolarocca.it\/fr\/","logo":{"@type":"ImageObject","inLanguage":"fr-FR","@id":"https:\/\/www.palazzolarocca.it\/fr\/#\/schema\/logo\/image\/","url":"https:\/\/www.palazzolarocca.it\/wp-content\/uploads\/2023\/10\/cropped-logo_istituzionale_ridotto-2.png","contentUrl":"https:\/\/www.palazzolarocca.it\/wp-content\/uploads\/2023\/10\/cropped-logo_istituzionale_ridotto-2.png","width":80,"height":13,"caption":"PALAZZO LA ROCCA"},"image":{"@id":"https:\/\/www.palazzolarocca.it\/fr\/#\/schema\/logo\/image\/"}}]}},"_links":{"self":[{"href":"https:\/\/www.palazzolarocca.it\/fr\/wp-json\/wp\/v2\/pages\/2992","targetHints":{"allow":["GET"]}}],"collection":[{"href":"https:\/\/www.palazzolarocca.it\/fr\/wp-json\/wp\/v2\/pages"}],"about":[{"href":"https:\/\/www.palazzolarocca.it\/fr\/wp-json\/wp\/v2\/types\/page"}],"author":[{"embeddable":true,"href":"https:\/\/www.palazzolarocca.it\/fr\/wp-json\/wp\/v2\/users\/5"}],"replies":[{"embeddable":true,"href":"https:\/\/www.palazzolarocca.it\/fr\/wp-json\/wp\/v2\/comments?post=2992"}],"version-history":[{"count":17,"href":"https:\/\/www.palazzolarocca.it\/fr\/wp-json\/wp\/v2\/pages\/2992\/revisions"}],"predecessor-version":[{"id":9554,"href":"https:\/\/www.palazzolarocca.it\/fr\/wp-json\/wp\/v2\/pages\/2992\/revisions\/9554"}],"up":[{"embeddable":true,"href":"https:\/\/www.palazzolarocca.it\/fr\/wp-json\/wp\/v2\/pages\/3396"}],"wp:attachment":[{"href":"https:\/\/www.palazzolarocca.it\/fr\/wp-json\/wp\/v2\/media?parent=2992"}],"curies":[{"name":"wp","href":"https:\/\/api.w.org\/{rel}","templated":true}]}}