{"id":3033,"date":"2023-11-13T16:57:53","date_gmt":"2023-11-13T15:57:53","guid":{"rendered":"https:\/\/www.palazzolarocca.it\/scicli\/"},"modified":"2024-07-15T14:21:37","modified_gmt":"2024-07-15T12:21:37","slug":"scicli","status":"publish","type":"page","link":"https:\/\/www.palazzolarocca.it\/fr\/home\/decouvrir-les-villes\/scicli\/","title":{"rendered":"Scicli"},"content":{"rendered":"\t\t<div data-elementor-type=\"wp-page\" data-elementor-id=\"3033\" class=\"elementor elementor-3033 elementor-668\">\n\t\t\t\t\t\t\t<div class=\"elementor-element elementor-element-a647a06 e-flex e-con-boxed e-con\" data-id=\"a647a06\" data-element_type=\"container\" data-settings=\"{&quot;background_background&quot;:&quot;classic&quot;,&quot;content_width&quot;:&quot;boxed&quot;}\">\n\t\t\t\t\t<div class=\"e-con-inner\">\n\t\t\t\t<div class=\"elementor-element elementor-element-aa05570 elementor-widget elementor-widget-heading\" data-id=\"aa05570\" data-element_type=\"widget\" data-widget_type=\"heading.default\">\n\t\t\t\t<div class=\"elementor-widget-container\">\n\t\t\t<style>\/*! elementor - v3.15.0 - 02-08-2023 *\/\n.elementor-heading-title{padding:0;margin:0;line-height:1}.elementor-widget-heading .elementor-heading-title[class*=elementor-size-]>a{color:inherit;font-size:inherit;line-height:inherit}.elementor-widget-heading .elementor-heading-title.elementor-size-small{font-size:15px}.elementor-widget-heading .elementor-heading-title.elementor-size-medium{font-size:19px}.elementor-widget-heading .elementor-heading-title.elementor-size-large{font-size:29px}.elementor-widget-heading .elementor-heading-title.elementor-size-xl{font-size:39px}.elementor-widget-heading .elementor-heading-title.elementor-size-xxl{font-size:59px}<\/style><h1 class=\"elementor-heading-title elementor-size-default\">L'histoire de Scicli<\/h1>\t\t<\/div>\n\t\t\t\t<\/div>\n\t\t\t\t\t<\/div>\n\t\t\t\t<\/div>\n\t\t<div class=\"elementor-element elementor-element-c0fdacd e-flex e-con-boxed e-con\" data-id=\"c0fdacd\" data-element_type=\"container\" data-settings=\"{&quot;background_background&quot;:&quot;classic&quot;,&quot;content_width&quot;:&quot;boxed&quot;}\">\n\t\t\t\t\t<div class=\"e-con-inner\">\n\t\t<div class=\"elementor-element elementor-element-662cf21 e-con-full e-flex e-con\" data-id=\"662cf21\" data-element_type=\"container\" data-settings=\"{&quot;content_width&quot;:&quot;full&quot;}\">\n\t\t\t\t<div class=\"elementor-element elementor-element-99d6640 elementor-widget elementor-widget-text-editor\" data-id=\"99d6640\" data-element_type=\"widget\" data-widget_type=\"text-editor.default\">\n\t\t\t\t<div class=\"elementor-widget-container\">\n\t\t\t<style>\/*! elementor - v3.15.0 - 02-08-2023 *\/\n.elementor-widget-text-editor.elementor-drop-cap-view-stacked .elementor-drop-cap{background-color:#69727d;color:#fff}.elementor-widget-text-editor.elementor-drop-cap-view-framed .elementor-drop-cap{color:#69727d;border:3px solid;background-color:transparent}.elementor-widget-text-editor:not(.elementor-drop-cap-view-default) .elementor-drop-cap{margin-top:8px}.elementor-widget-text-editor:not(.elementor-drop-cap-view-default) .elementor-drop-cap-letter{width:1em;height:1em}.elementor-widget-text-editor .elementor-drop-cap{float:left;text-align:center;line-height:1;font-size:50px}.elementor-widget-text-editor .elementor-drop-cap-letter{display:inline-block}<\/style>\t\t\t\t<p>\u00c9rig\u00e9e \u00e0 la confluence des carri\u00e8res de Santa Venera et de San Bartolomeo, la ville de Scicli surplombe tout le littoral et domine l&#8217;embouchure de la rivi\u00e8re Irminio.<br \/>L&rsquo;\u00e9tablissement humain le plus ancien est celui de Contrada Chiafura qui s&rsquo;\u00e9tend sur le col de San Matteo. Il s&rsquo;agit d&rsquo;un habitat creus\u00e9 dans la roche dont les s\u00e9pultures et les tombes, r\u00e9alis\u00e9es \u00e0 une \u00e9poque ant\u00e9rieure, avaient \u00e9t\u00e9 transform\u00e9es en habitations.<br \/>Ce lieu a souvent \u00e9t\u00e9 compar\u00e9 aux Sassi de Matera et a \u00e9t\u00e9 visit\u00e9 par des \u00e9crivains comme Elio Vittorini et Pier Paolo Pasolini (\u00ab <em>On grimpe sur une esp\u00e8ce de montagne du purgatoire o\u00f9 les girons sont les uns sur les autres \u2026<\/em> \u00bb) qui en firent conna\u00eetre les conditions de vie des habitants.<br \/>Aujourd&rsquo;hui, Chiafura est devenu un parc arch\u00e9ologique.<br \/>Entre le XIVe et le XVe s., l&rsquo;habitat commen\u00e7a \u00e0 se d\u00e9placer vers la vall\u00e9e, conjointement aux sites de quelques ordres religieux.<br \/>\u00c0 dominer la nouvelle ville restent encore l&rsquo;\u00e9glise Saint-Matthieu, l&rsquo;ancienne \u00e9glise m\u00e8re, ainsi que le ch\u00e2teau des Trois Cantons et le complexe conventuel Sainte-Marie-de-la-Croix des Fr\u00e8res mineurs r\u00e9form\u00e9s qui sont situ\u00e9s dans la partie haute de la carri\u00e8re.<br \/>La ville fut ras\u00e9e au sol lors du terrible s\u00e9isme de 1693 et reconstruite au m\u00eame endroit.<br \/>Au milieu du XIXe s., lorsque l&rsquo;\u00e9glise Saint-Ignace situ\u00e9e au centre de la ville fut \u00e9rig\u00e9e au rang d&rsquo;\u00e9glise m\u00e8re, le site sur la colline fut d\u00e9finitivement abandonn\u00e9.<br \/>Il reste peu d&rsquo;\u00e9difices construits avant le s\u00e9isme, \u00e0 l&rsquo;exception d&rsquo;une partie du complexe monumental de Sainte-Marie-de-la-Croix, \u00e9difi\u00e9 au XVIe s. pr\u00e8s de l&rsquo;oratoire Notre-Dame de Sion et transform\u00e9 en sacristie, et le complexe Saint-Antonin b\u00e2ti entre la fin du XVe s. et le XVIe s.<br \/>La ville reconstruite apr\u00e8s le s\u00e9isme connut un important r\u00e9am\u00e9nagement des trac\u00e9s urbains, un exemple significatif est la Via Mormino Penna qui est bord\u00e9e de quelques-uns des plus beaux monuments du baroque tardif hybl\u00e9en.<br \/>Depuis 2002, deux de ses monuments sont inscrits au Patrimoine mondial de l\u2019UNESCO : la Via Mormino Penna et le palais Beneventano (<strong style=\"color: #4054a1;\">4<\/strong>). D&rsquo;autres \u00e9difices du baroque tardif pr\u00e9sentent un int\u00e9r\u00eat remarquable : l&rsquo;\u00e9glise Saint-Jean l&rsquo;\u00c9vang\u00e9liste (<strong style=\"color: #4054a1;\">1<\/strong>); l&rsquo;\u00e9glise Saint-Michel-Archange (<strong style=\"color: #4054a1;\">2<\/strong>); l&rsquo;\u00e9glise Sainte-Th\u00e9r\u00e8se (<strong style=\"color: #4054a1;\">3<\/strong>); le palais Beneventano (<strong style=\"color: #4054a1;\">4<\/strong>); le palais Spadaro (<strong style=\"color: #4054a1;\">5<\/strong>); le palais Veneziano Sgarlata (<strong style=\"color: #4054a1;\">6<\/strong>); le palais Fava (<strong style=\"color: #4054a1;\">7<\/strong>); l&rsquo;\u00e9glise et le couvent du Carmel (<strong style=\"color: #4054a1;\">8<\/strong>); l&rsquo;\u00e9glise Saint-Matthieu (<strong style=\"color: #4054a1;\">9<\/strong>); l&rsquo;\u00e9glise m\u00e8re (Saint-Ignace) (<strong style=\"color: #4054a1;\">10<\/strong>).<\/p>\n\t\t\t\t\t\t<\/div>\n\t\t\t\t<\/div>\n\t\t\t\t<\/div>\n\t\t<div class=\"elementor-element elementor-element-2dd1cf1 e-con-full e-flex e-con\" data-id=\"2dd1cf1\" data-element_type=\"container\" data-settings=\"{&quot;content_width&quot;:&quot;full&quot;}\">\n\t\t<div class=\"elementor-element elementor-element-1e0522a e-flex e-con-boxed e-con\" data-id=\"1e0522a\" data-element_type=\"container\" data-settings=\"{&quot;content_width&quot;:&quot;boxed&quot;}\">\n\t\t\t\t\t<div class=\"e-con-inner\">\n\t\t\t\t<div class=\"elementor-element elementor-element-3ca4509 elementor-widget elementor-widget-video\" data-id=\"3ca4509\" data-element_type=\"widget\" data-settings=\"{&quot;video_type&quot;:&quot;hosted&quot;,&quot;controls&quot;:&quot;yes&quot;}\" data-widget_type=\"video.default\">\n\t\t\t\t<div class=\"elementor-widget-container\">\n\t\t\t<style>\/*! elementor - v3.15.0 - 02-08-2023 *\/\n.elementor-widget-video .elementor-widget-container{overflow:hidden;transform:translateZ(0)}.elementor-widget-video .elementor-wrapper{aspect-ratio:var(--video-aspect-ratio)}.elementor-widget-video .elementor-wrapper iframe,.elementor-widget-video .elementor-wrapper video{height:100%;width:100%;display:flex;border:none;background-color:#000}@supports not (aspect-ratio:1\/1){.elementor-widget-video .elementor-wrapper{position:relative;overflow:hidden;height:0;padding-bottom:calc(100% \/ var(--video-aspect-ratio))}.elementor-widget-video .elementor-wrapper iframe,.elementor-widget-video .elementor-wrapper video{position:absolute;top:0;right:0;bottom:0;left:0}}.elementor-widget-video .elementor-open-inline .elementor-custom-embed-image-overlay{position:absolute;top:0;right:0;bottom:0;left:0;background-size:cover;background-position:50%}.elementor-widget-video .elementor-custom-embed-image-overlay{cursor:pointer;text-align:center}.elementor-widget-video .elementor-custom-embed-image-overlay:hover .elementor-custom-embed-play i{opacity:1}.elementor-widget-video .elementor-custom-embed-image-overlay img{display:block;width:100%;aspect-ratio:var(--video-aspect-ratio);-o-object-fit:cover;object-fit:cover;-o-object-position:center center;object-position:center center}@supports not (aspect-ratio:1\/1){.elementor-widget-video .elementor-custom-embed-image-overlay{position:relative;overflow:hidden;height:0;padding-bottom:calc(100% \/ var(--video-aspect-ratio))}.elementor-widget-video .elementor-custom-embed-image-overlay img{position:absolute;top:0;right:0;bottom:0;left:0}}.elementor-widget-video .e-hosted-video .elementor-video{-o-object-fit:cover;object-fit:cover}.e-con-inner>.elementor-widget-video,.e-con>.elementor-widget-video{width:var(--container-widget-width);--flex-grow:var(--container-widget-flex-grow)}<\/style>\t\t<div class=\"e-hosted-video elementor-wrapper elementor-open-inline\">\n\t\t\t\t\t<video class=\"elementor-video\" src=\"https:\/\/www.palazzolarocca.it\/wp-content\/uploads\/2023\/10\/VD_3.mp4\" controls=\"\" preload=\"metadata\" controlsList=\"nodownload\"><\/video>\n\t\t\t\t<\/div>\n\t\t\t\t<\/div>\n\t\t\t\t<\/div>\n\t\t\t\t\t<\/div>\n\t\t\t\t<\/div>\n\t\t<div class=\"elementor-element elementor-element-49a07cf e-flex e-con-boxed e-con\" data-id=\"49a07cf\" data-element_type=\"container\" data-settings=\"{&quot;content_width&quot;:&quot;boxed&quot;}\">\n\t\t\t\t\t<div class=\"e-con-inner\">\n\t\t\t\t<div class=\"elementor-element elementor-element-83f82d5 elementor-widget elementor-widget-image\" data-id=\"83f82d5\" data-element_type=\"widget\" data-widget_type=\"image.default\">\n\t\t\t\t<div class=\"elementor-widget-container\">\n\t\t\t<style>\/*! elementor - v3.15.0 - 02-08-2023 *\/\n.elementor-widget-image{text-align:center}.elementor-widget-image a{display:inline-block}.elementor-widget-image a img[src$=\".svg\"]{width:48px}.elementor-widget-image img{vertical-align:middle;display:inline-block}<\/style>\t\t\t\t\t\t\t\t\t\t\t\t<img loading=\"lazy\" decoding=\"async\" width=\"1024\" height=\"1024\" src=\"https:\/\/www.palazzolarocca.it\/wp-content\/uploads\/2023\/10\/AdobeStock_199290206-1024x1024.jpeg\" class=\"attachment-cspm-modal-fullscreen size-cspm-modal-fullscreen wp-image-1236\" alt=\"Dettaglio della facciata di Palazzo Beneventano, Scicli\" srcset=\"https:\/\/www.palazzolarocca.it\/wp-content\/uploads\/2023\/10\/AdobeStock_199290206-1024x1024.jpeg 1024w, https:\/\/www.palazzolarocca.it\/wp-content\/uploads\/2023\/10\/AdobeStock_199290206-150x150.jpeg 150w, https:\/\/www.palazzolarocca.it\/wp-content\/uploads\/2023\/10\/AdobeStock_199290206-100x100.jpeg 100w, https:\/\/www.palazzolarocca.it\/wp-content\/uploads\/2023\/10\/AdobeStock_199290206-300x300.jpeg 300w, https:\/\/www.palazzolarocca.it\/wp-content\/uploads\/2023\/10\/AdobeStock_199290206-500x500.jpeg 500w\" sizes=\"auto, (max-width: 1024px) 100vw, 1024px\" \/>\t\t\t\t\t\t\t\t\t\t\t\t\t\t\t<\/div>\n\t\t\t\t<\/div>\n\t\t\t\t\t<\/div>\n\t\t\t\t<\/div>\n\t\t\t\t<\/div>\n\t\t\t\t\t<\/div>\n\t\t\t\t<\/div>\n\t\t<div class=\"elementor-element elementor-element-91fe761 e-con-full e-flex e-con\" data-id=\"91fe761\" data-element_type=\"container\" data-settings=\"{&quot;content_width&quot;:&quot;full&quot;,&quot;background_background&quot;:&quot;classic&quot;}\">\n\t\t<div class=\"elementor-element elementor-element-35c748a e-flex e-con-boxed e-con\" data-id=\"35c748a\" data-element_type=\"container\" data-settings=\"{&quot;background_background&quot;:&quot;classic&quot;,&quot;content_width&quot;:&quot;boxed&quot;}\">\n\t\t\t\t\t<div class=\"e-con-inner\">\n\t\t\t\t<div class=\"elementor-element elementor-element-34d8896 elementor-widget elementor-widget-heading\" data-id=\"34d8896\" data-element_type=\"widget\" data-widget_type=\"heading.default\">\n\t\t\t\t<div class=\"elementor-widget-container\">\n\t\t\t<h2 class=\"elementor-heading-title elementor-size-default\"><span style=\"font-size: 39.996px;\"><b>D\u00e9couvrez le baroque tardif \u00e0 Scicli<\/b><\/span><\/h2>\t\t<\/div>\n\t\t\t\t<\/div>\n\t\t\t\t<div class=\"elementor-element elementor-element-1a5cf33 elementor-widget elementor-widget-shortcode\" data-id=\"1a5cf33\" data-element_type=\"widget\" data-widget_type=\"shortcode.default\">\n\t\t\t\t<div class=\"elementor-widget-container\">\n\t\t\t\t\t<div class=\"elementor-shortcode\"><div class=\"codespacing_progress_map_area cspm_linear_gradient_bg\" data-map-id=\"map1181\" data-show-infobox=\"true\" data-infobox-display-event=\"onload\"  style=\"width:100%; height:808px;\"><input type=\"hidden\" name=\"cspm_map_page_id_map1181\" id=\"cspm_map_page_id_map1181\" value=\"3033\" \/><div class=\"cspm-row\" style=\"margin:0; padding:0;\"><div class=\"cspm-col-lg-12 cspm-col-xs-12 cspm-col-sm-12 cspm-col-md-12\" style=\"position:relative; overflow:hidden; margin:0; padding:0;\"><div class=\"cspm_custom_controls\" data-map-id=\"map1181\"><div class=\"cspm_map_red_msg_widget cspm_border_shadow cspm_border_radius\" data-map-id=\"map1181\"><\/div><div class=\"cspm_map_green_msg_widget cspm_border_shadow cspm_border_radius\" data-map-id=\"map1181\"><\/div><div class=\"cspm_map_orange_msg_widget cspm_border_shadow cspm_border_radius\" data-map-id=\"map1181\"><\/div><div class=\"cspm_map_blue_msg_widget cspm_border_shadow cspm_border_radius\" data-map-id=\"map1181\"><\/div><div class=\"cspm_map_help_msg_widget cspm_border_shadow cspm_border_radius\" data-map-id=\"map1181\"><\/div><div id=\"pulsating_holder\" class=\"map1181_pulsating\"><div class=\"dot cspm_border_hex\"><\/div><\/div><div class=\"cspm_zoom_container\"><div class=\"cspm_zoom_in_map1181 cspm_map_btn cspm_zoom_in_control cspm_bg_rgb_hover cspm_border_shadow cspm_border_top_radius\" title=\"Zoom in\"><img decoding=\"async\" class=\"cspm_svg cspm_svg_white\" src=\"https:\/\/www.palazzolarocca.it\/wp-content\/plugins\/codespacing-progress-map\/img\/svg\/addition-sign.svg\" \/><\/div><div class=\"cspm_zoom_out_map1181 cspm_map_btn cspm_zoom_out_control cspm_bg_rgb_hover cspm_border_shadow cspm_border_bottom_radius\" title=\"Zoom out\"><img decoding=\"async\" class=\"cspm_svg cspm_svg_white\" src=\"https:\/\/www.palazzolarocca.it\/wp-content\/plugins\/codespacing-progress-map\/img\/svg\/minus-sign.svg\" \/><\/div><\/div><div class=\"cluster_posts_widget_map1181 cspm_border_shadow cspm_border_radius\"><div class=\"cspm_infobox_spinner cspm_border_top_after_hex\"><\/div><\/div><div class=\"cspm_recenter_map_btn cspm_map_btn cspm_border_shadow cspm_border_radius\" data-map-id=\"map1181\" title=\"Recenter the map\" style=\"top:115px\"><img decoding=\"async\" class=\"cspm_svg cspm_svg_colored\" src=\"https:\/\/www.palazzolarocca.it\/wp-content\/plugins\/codespacing-progress-map\/img\/svg\/recenter.svg\" \/><\/div><div class=\"cspm_map_sidebars\" data-map-id=\"map1181\"><div class=\"cspm_sidebar top\" data-map-id=\"map1181\" data-content_id=\"\"><\/div><div class=\"cspm_sidebar right\" data-map-id=\"map1181\" data-content_id=\"\"><\/div><div class=\"cspm_sidebar bottom\" data-map-id=\"map1181\" data-content_id=\"\"><\/div><div class=\"cspm_sidebar left\" data-map-id=\"map1181\" data-content_id=\"\"><\/div><\/div><\/div><div id=\"codespacing_progress_map_div_map1181\" data-map-id=\"map1181\" style=\"height:630px;\"><\/div><\/div><\/div><div class=\"cspm-row\" style=\"margin:0; padding:0\"><div id=\"cspm_carousel_container\" data-map-id=\"map1181\" class=\"cspm-col-lg-12 cspm-col-xs-12 cspm-col-sm-12 cspm-col-md-12\" style=\"margin:0; padding:0; height:auto;\"><ul id=\"cspm_carousel_map1181\" data-map-id=\"map1181\" class=\"jcarousel-skin-default\" style=\"height:158px;\"><\/ul><\/div><\/div><\/div><\/div>\n\t\t\t\t<\/div>\n\t\t\t\t<\/div>\n\t\t\t\t<div class=\"elementor-element elementor-element-7a558ea elementor-widget elementor-widget-spacer\" data-id=\"7a558ea\" data-element_type=\"widget\" data-widget_type=\"spacer.default\">\n\t\t\t\t<div class=\"elementor-widget-container\">\n\t\t\t<style>\/*! elementor - v3.15.0 - 02-08-2023 *\/\n.elementor-column .elementor-spacer-inner{height:var(--spacer-size)}.e-con{--container-widget-width:100%}.e-con-inner>.elementor-widget-spacer,.e-con>.elementor-widget-spacer{width:var(--container-widget-width,var(--spacer-size));--align-self:var(--container-widget-align-self,initial);--flex-shrink:0}.e-con-inner>.elementor-widget-spacer>.elementor-widget-container,.e-con-inner>.elementor-widget-spacer>.elementor-widget-container>.elementor-spacer,.e-con>.elementor-widget-spacer>.elementor-widget-container,.e-con>.elementor-widget-spacer>.elementor-widget-container>.elementor-spacer{height:100%}.e-con-inner>.elementor-widget-spacer>.elementor-widget-container>.elementor-spacer>.elementor-spacer-inner,.e-con>.elementor-widget-spacer>.elementor-widget-container>.elementor-spacer>.elementor-spacer-inner{height:var(--container-widget-height,var(--spacer-size))}<\/style>\t\t<div class=\"elementor-spacer\">\n\t\t\t<div class=\"elementor-spacer-inner\"><\/div>\n\t\t<\/div>\n\t\t\t\t<\/div>\n\t\t\t\t<\/div>\n\t\t\t\t\t<\/div>\n\t\t\t\t<\/div>\n\t\t\t\t<\/div>\n\t\t\t\t\t\t\t<\/div>\n\t\t","protected":false},"excerpt":{"rendered":"<p>L&rsquo;histoire de Scicli \u00c9rig\u00e9e \u00e0 la confluence des carri\u00e8res de Santa Venera et de San Bartolomeo, la ville de Scicli surplombe tout le littoral et &#8230; <\/p>\n","protected":false},"author":5,"featured_media":0,"parent":3396,"menu_order":0,"comment_status":"closed","ping_status":"closed","template":"elementor_header_footer","meta":{"footnotes":""},"class_list":["post-3033","page","type-page","status-publish","hentry"],"yoast_head":"<!-- This site is optimized with the Yoast SEO plugin v21.5 - https:\/\/yoast.com\/wordpress\/plugins\/seo\/ -->\n<title>Scicli - PALAZZO LA ROCCA<\/title>\n<meta name=\"robots\" content=\"index, follow, max-snippet:-1, max-image-preview:large, max-video-preview:-1\" \/>\n<link rel=\"canonical\" href=\"https:\/\/www.palazzolarocca.it\/fr\/home\/decouvrir-les-villes\/scicli\/\" \/>\n<meta property=\"og:locale\" content=\"fr_FR\" \/>\n<meta property=\"og:type\" content=\"article\" \/>\n<meta property=\"og:title\" content=\"Scicli - PALAZZO LA ROCCA\" \/>\n<meta property=\"og:description\" content=\"L&rsquo;histoire de Scicli \u00c9rig\u00e9e \u00e0 la confluence des carri\u00e8res de Santa Venera et de San Bartolomeo, la ville de Scicli surplombe tout le littoral et ...\" \/>\n<meta property=\"og:url\" content=\"https:\/\/www.palazzolarocca.it\/fr\/home\/decouvrir-les-villes\/scicli\/\" \/>\n<meta property=\"og:site_name\" content=\"PALAZZO LA ROCCA\" \/>\n<meta property=\"article:modified_time\" content=\"2024-07-15T12:21:37+00:00\" \/>\n<meta property=\"og:image\" content=\"https:\/\/www.palazzolarocca.it\/wp-content\/uploads\/2023\/10\/AdobeStock_199290206-1024x1024.jpeg\" \/>\n<meta name=\"twitter:card\" content=\"summary_large_image\" \/>\n<meta name=\"twitter:label1\" content=\"Dur\u00e9e de lecture estim\u00e9e\" \/>\n\t<meta name=\"twitter:data1\" content=\"3 minutes\" \/>\n<script type=\"application\/ld+json\" class=\"yoast-schema-graph\">{\"@context\":\"https:\/\/schema.org\",\"@graph\":[{\"@type\":\"WebPage\",\"@id\":\"https:\/\/www.palazzolarocca.it\/fr\/home\/decouvrir-les-villes\/scicli\/\",\"url\":\"https:\/\/www.palazzolarocca.it\/fr\/home\/decouvrir-les-villes\/scicli\/\",\"name\":\"Scicli - PALAZZO LA ROCCA\",\"isPartOf\":{\"@id\":\"https:\/\/www.palazzolarocca.it\/fr\/#website\"},\"datePublished\":\"2023-11-13T15:57:53+00:00\",\"dateModified\":\"2024-07-15T12:21:37+00:00\",\"breadcrumb\":{\"@id\":\"https:\/\/www.palazzolarocca.it\/fr\/home\/decouvrir-les-villes\/scicli\/#breadcrumb\"},\"inLanguage\":\"fr-FR\",\"potentialAction\":[{\"@type\":\"ReadAction\",\"target\":[\"https:\/\/www.palazzolarocca.it\/fr\/home\/decouvrir-les-villes\/scicli\/\"]}]},{\"@type\":\"BreadcrumbList\",\"@id\":\"https:\/\/www.palazzolarocca.it\/fr\/home\/decouvrir-les-villes\/scicli\/#breadcrumb\",\"itemListElement\":[{\"@type\":\"ListItem\",\"position\":1,\"name\":\"Home\",\"item\":\"https:\/\/www.palazzolarocca.it\/fr\/home\/\"},{\"@type\":\"ListItem\",\"position\":2,\"name\":\"Home\",\"item\":\"https:\/\/www.palazzolarocca.it\/fr\/home\/\"},{\"@type\":\"ListItem\",\"position\":3,\"name\":\"D\u00e9couvrez les Villes\",\"item\":\"https:\/\/www.palazzolarocca.it\/fr\/home\/decouvrir-les-villes\/\"},{\"@type\":\"ListItem\",\"position\":4,\"name\":\"Scicli\"}]},{\"@type\":\"WebSite\",\"@id\":\"https:\/\/www.palazzolarocca.it\/fr\/#website\",\"url\":\"https:\/\/www.palazzolarocca.it\/fr\/\",\"name\":\"PALAZZO LA ROCCA\",\"description\":\"Le citt\u00e0 tardo barocche Iblee del Patrimonio Unesco\",\"publisher\":{\"@id\":\"https:\/\/www.palazzolarocca.it\/fr\/#organization\"},\"potentialAction\":[{\"@type\":\"SearchAction\",\"target\":{\"@type\":\"EntryPoint\",\"urlTemplate\":\"https:\/\/www.palazzolarocca.it\/fr\/?s={search_term_string}\"},\"query-input\":\"required name=search_term_string\"}],\"inLanguage\":\"fr-FR\"},{\"@type\":\"Organization\",\"@id\":\"https:\/\/www.palazzolarocca.it\/fr\/#organization\",\"name\":\"PALAZZO LA ROCCA\",\"url\":\"https:\/\/www.palazzolarocca.it\/fr\/\",\"logo\":{\"@type\":\"ImageObject\",\"inLanguage\":\"fr-FR\",\"@id\":\"https:\/\/www.palazzolarocca.it\/fr\/#\/schema\/logo\/image\/\",\"url\":\"https:\/\/www.palazzolarocca.it\/wp-content\/uploads\/2023\/10\/cropped-logo_istituzionale_ridotto-2.png\",\"contentUrl\":\"https:\/\/www.palazzolarocca.it\/wp-content\/uploads\/2023\/10\/cropped-logo_istituzionale_ridotto-2.png\",\"width\":80,\"height\":13,\"caption\":\"PALAZZO LA ROCCA\"},\"image\":{\"@id\":\"https:\/\/www.palazzolarocca.it\/fr\/#\/schema\/logo\/image\/\"}}]}<\/script>\n<!-- \/ Yoast SEO plugin. -->","yoast_head_json":{"title":"Scicli - PALAZZO LA ROCCA","robots":{"index":"index","follow":"follow","max-snippet":"max-snippet:-1","max-image-preview":"max-image-preview:large","max-video-preview":"max-video-preview:-1"},"canonical":"https:\/\/www.palazzolarocca.it\/fr\/home\/decouvrir-les-villes\/scicli\/","og_locale":"fr_FR","og_type":"article","og_title":"Scicli - PALAZZO LA ROCCA","og_description":"L&rsquo;histoire de Scicli \u00c9rig\u00e9e \u00e0 la confluence des carri\u00e8res de Santa Venera et de San Bartolomeo, la ville de Scicli surplombe tout le littoral et ...","og_url":"https:\/\/www.palazzolarocca.it\/fr\/home\/decouvrir-les-villes\/scicli\/","og_site_name":"PALAZZO LA ROCCA","article_modified_time":"2024-07-15T12:21:37+00:00","og_image":[{"url":"https:\/\/www.palazzolarocca.it\/wp-content\/uploads\/2023\/10\/AdobeStock_199290206-1024x1024.jpeg"}],"twitter_card":"summary_large_image","twitter_misc":{"Dur\u00e9e de lecture estim\u00e9e":"3 minutes"},"schema":{"@context":"https:\/\/schema.org","@graph":[{"@type":"WebPage","@id":"https:\/\/www.palazzolarocca.it\/fr\/home\/decouvrir-les-villes\/scicli\/","url":"https:\/\/www.palazzolarocca.it\/fr\/home\/decouvrir-les-villes\/scicli\/","name":"Scicli - PALAZZO LA ROCCA","isPartOf":{"@id":"https:\/\/www.palazzolarocca.it\/fr\/#website"},"datePublished":"2023-11-13T15:57:53+00:00","dateModified":"2024-07-15T12:21:37+00:00","breadcrumb":{"@id":"https:\/\/www.palazzolarocca.it\/fr\/home\/decouvrir-les-villes\/scicli\/#breadcrumb"},"inLanguage":"fr-FR","potentialAction":[{"@type":"ReadAction","target":["https:\/\/www.palazzolarocca.it\/fr\/home\/decouvrir-les-villes\/scicli\/"]}]},{"@type":"BreadcrumbList","@id":"https:\/\/www.palazzolarocca.it\/fr\/home\/decouvrir-les-villes\/scicli\/#breadcrumb","itemListElement":[{"@type":"ListItem","position":1,"name":"Home","item":"https:\/\/www.palazzolarocca.it\/fr\/home\/"},{"@type":"ListItem","position":2,"name":"Home","item":"https:\/\/www.palazzolarocca.it\/fr\/home\/"},{"@type":"ListItem","position":3,"name":"D\u00e9couvrez les Villes","item":"https:\/\/www.palazzolarocca.it\/fr\/home\/decouvrir-les-villes\/"},{"@type":"ListItem","position":4,"name":"Scicli"}]},{"@type":"WebSite","@id":"https:\/\/www.palazzolarocca.it\/fr\/#website","url":"https:\/\/www.palazzolarocca.it\/fr\/","name":"PALAZZO LA ROCCA","description":"Le citt\u00e0 tardo barocche Iblee del Patrimonio Unesco","publisher":{"@id":"https:\/\/www.palazzolarocca.it\/fr\/#organization"},"potentialAction":[{"@type":"SearchAction","target":{"@type":"EntryPoint","urlTemplate":"https:\/\/www.palazzolarocca.it\/fr\/?s={search_term_string}"},"query-input":"required name=search_term_string"}],"inLanguage":"fr-FR"},{"@type":"Organization","@id":"https:\/\/www.palazzolarocca.it\/fr\/#organization","name":"PALAZZO LA ROCCA","url":"https:\/\/www.palazzolarocca.it\/fr\/","logo":{"@type":"ImageObject","inLanguage":"fr-FR","@id":"https:\/\/www.palazzolarocca.it\/fr\/#\/schema\/logo\/image\/","url":"https:\/\/www.palazzolarocca.it\/wp-content\/uploads\/2023\/10\/cropped-logo_istituzionale_ridotto-2.png","contentUrl":"https:\/\/www.palazzolarocca.it\/wp-content\/uploads\/2023\/10\/cropped-logo_istituzionale_ridotto-2.png","width":80,"height":13,"caption":"PALAZZO LA ROCCA"},"image":{"@id":"https:\/\/www.palazzolarocca.it\/fr\/#\/schema\/logo\/image\/"}}]}},"_links":{"self":[{"href":"https:\/\/www.palazzolarocca.it\/fr\/wp-json\/wp\/v2\/pages\/3033","targetHints":{"allow":["GET"]}}],"collection":[{"href":"https:\/\/www.palazzolarocca.it\/fr\/wp-json\/wp\/v2\/pages"}],"about":[{"href":"https:\/\/www.palazzolarocca.it\/fr\/wp-json\/wp\/v2\/types\/page"}],"author":[{"embeddable":true,"href":"https:\/\/www.palazzolarocca.it\/fr\/wp-json\/wp\/v2\/users\/5"}],"replies":[{"embeddable":true,"href":"https:\/\/www.palazzolarocca.it\/fr\/wp-json\/wp\/v2\/comments?post=3033"}],"version-history":[{"count":17,"href":"https:\/\/www.palazzolarocca.it\/fr\/wp-json\/wp\/v2\/pages\/3033\/revisions"}],"predecessor-version":[{"id":9020,"href":"https:\/\/www.palazzolarocca.it\/fr\/wp-json\/wp\/v2\/pages\/3033\/revisions\/9020"}],"up":[{"embeddable":true,"href":"https:\/\/www.palazzolarocca.it\/fr\/wp-json\/wp\/v2\/pages\/3396"}],"wp:attachment":[{"href":"https:\/\/www.palazzolarocca.it\/fr\/wp-json\/wp\/v2\/media?parent=3033"}],"curies":[{"name":"wp","href":"https:\/\/api.w.org\/{rel}","templated":true}]}}