{"id":3339,"date":"2023-09-06T12:55:08","date_gmt":"2023-09-06T10:55:08","guid":{"rendered":"https:\/\/www.palazzolarocca.it\/informations\/"},"modified":"2024-07-15T12:39:39","modified_gmt":"2024-07-15T10:39:39","slug":"informations","status":"publish","type":"page","link":"https:\/\/www.palazzolarocca.it\/fr\/informations\/","title":{"rendered":"Informations utiles et cr\u00e9dits"},"content":{"rendered":"\t\t<div data-elementor-type=\"wp-page\" data-elementor-id=\"3339\" class=\"elementor elementor-3339 elementor-21\">\n\t\t\t\t\t\t\t<div class=\"elementor-element elementor-element-e0a420b e-flex e-con-boxed e-con\" data-id=\"e0a420b\" data-element_type=\"container\" data-settings=\"{&quot;content_width&quot;:&quot;boxed&quot;}\">\n\t\t\t\t\t<div class=\"e-con-inner\">\n\t\t\t\t<div class=\"elementor-element elementor-element-d16a9e2 elementor-widget elementor-widget-heading\" data-id=\"d16a9e2\" data-element_type=\"widget\" data-widget_type=\"heading.default\">\n\t\t\t\t<div class=\"elementor-widget-container\">\n\t\t\t<style>\/*! elementor - v3.15.0 - 02-08-2023 *\/\n.elementor-heading-title{padding:0;margin:0;line-height:1}.elementor-widget-heading .elementor-heading-title[class*=elementor-size-]>a{color:inherit;font-size:inherit;line-height:inherit}.elementor-widget-heading .elementor-heading-title.elementor-size-small{font-size:15px}.elementor-widget-heading .elementor-heading-title.elementor-size-medium{font-size:19px}.elementor-widget-heading .elementor-heading-title.elementor-size-large{font-size:29px}.elementor-widget-heading .elementor-heading-title.elementor-size-xl{font-size:39px}.elementor-widget-heading .elementor-heading-title.elementor-size-xxl{font-size:59px}<\/style><h1 class=\"elementor-heading-title elementor-size-default\">Informations utiles et cr\u00e9dits<\/h1>\t\t<\/div>\n\t\t\t\t<\/div>\n\t\t\t\t<div class=\"elementor-element elementor-element-e423f89 elementor-widget elementor-widget-html\" data-id=\"e423f89\" data-element_type=\"widget\" data-widget_type=\"html.default\">\n\t\t\t\t<div class=\"elementor-widget-container\">\n\t\t\t<style>.sito-istituzionale {\n        color: #2D2D2D;\n        text-decoration: underline;\n    }\n    .sito-istituzionale:hover {\n        color: #2D2D2D;\n    }\n<\/style>\t\t<\/div>\n\t\t\t\t<\/div>\n\t\t\t\t<div class=\"elementor-element elementor-element-2f6d372 elementor-widget elementor-widget-spacer\" data-id=\"2f6d372\" data-element_type=\"widget\" data-widget_type=\"spacer.default\">\n\t\t\t\t<div class=\"elementor-widget-container\">\n\t\t\t<style>\/*! elementor - v3.15.0 - 02-08-2023 *\/\n.elementor-column .elementor-spacer-inner{height:var(--spacer-size)}.e-con{--container-widget-width:100%}.e-con-inner>.elementor-widget-spacer,.e-con>.elementor-widget-spacer{width:var(--container-widget-width,var(--spacer-size));--align-self:var(--container-widget-align-self,initial);--flex-shrink:0}.e-con-inner>.elementor-widget-spacer>.elementor-widget-container,.e-con-inner>.elementor-widget-spacer>.elementor-widget-container>.elementor-spacer,.e-con>.elementor-widget-spacer>.elementor-widget-container,.e-con>.elementor-widget-spacer>.elementor-widget-container>.elementor-spacer{height:100%}.e-con-inner>.elementor-widget-spacer>.elementor-widget-container>.elementor-spacer>.elementor-spacer-inner,.e-con>.elementor-widget-spacer>.elementor-widget-container>.elementor-spacer>.elementor-spacer-inner{height:var(--container-widget-height,var(--spacer-size))}<\/style>\t\t<div class=\"elementor-spacer\">\n\t\t\t<div class=\"elementor-spacer-inner\"><\/div>\n\t\t<\/div>\n\t\t\t\t<\/div>\n\t\t\t\t<\/div>\n\t\t\t\t<div class=\"elementor-element elementor-element-fdf0092 info elementor-widget elementor-widget-text-editor\" data-id=\"fdf0092\" data-element_type=\"widget\" data-widget_type=\"text-editor.default\">\n\t\t\t\t<div class=\"elementor-widget-container\">\n\t\t\t<style>\/*! elementor - v3.15.0 - 02-08-2023 *\/\n.elementor-widget-text-editor.elementor-drop-cap-view-stacked .elementor-drop-cap{background-color:#69727d;color:#fff}.elementor-widget-text-editor.elementor-drop-cap-view-framed .elementor-drop-cap{color:#69727d;border:3px solid;background-color:transparent}.elementor-widget-text-editor:not(.elementor-drop-cap-view-default) .elementor-drop-cap{margin-top:8px}.elementor-widget-text-editor:not(.elementor-drop-cap-view-default) .elementor-drop-cap-letter{width:1em;height:1em}.elementor-widget-text-editor .elementor-drop-cap{float:left;text-align:center;line-height:1;font-size:50px}.elementor-widget-text-editor .elementor-drop-cap-letter{display:inline-block}<\/style>\t\t\t\t<p>LIBERO CONSORZIO COMUNALE DI RAGUSA (ex Province R\u00e9gionale de Raguse)<br>Viale del Fante, n\u00b022<br>97100 Ragusa<br>+39 0932 675280<br><a href=\"mailto:urp@provincia.ragusa.it\">urp@provincia.ragusa.it<\/a><br><a href=\"http:\/\/www.provincia.ragusa.it\" target=\"_blank\" rel=\"noopener\">www.provincia.ragusa.it<\/a><\/p>\n<p><strong>Projet financ\u00e9<br><\/strong><strong>&nbsp; &nbsp; &nbsp; &nbsp; &nbsp; &nbsp; &nbsp; &nbsp; &nbsp;Regione Siciliana <\/strong><strong>Assessorato Regionale dei Beni Culturali e dell\u2019Identit\u00e0 Siciliana [Service R\u00e9gional des Biens Culturels et de l&rsquo;Identit\u00e9 Sicilienne de la R\u00e9gion Sicilienne]<br><\/strong><strong>&nbsp; &nbsp; &nbsp; &nbsp; &nbsp; &nbsp; &nbsp; &nbsp; &nbsp;PO FESR 2014-2020 [PROGRAMME OP\u00c9RATIONNEL FEDER 2014-2020]<\/strong><\/p>\n<p><strong>&nbsp; &nbsp; &nbsp; &nbsp; &nbsp; &nbsp; &nbsp; &nbsp; &nbsp;Dipartimento Regionale Beni culturali e Identit\u00e0 Siciliana [D\u00e9partement R\u00e9gional des Biens Culturels et de l&rsquo;Identit\u00e9 Sicilienne] <\/strong><\/p>\n<p>&nbsp; &nbsp; &nbsp; &nbsp; &nbsp; &nbsp; &nbsp; &nbsp; &nbsp;Action 6.7.1 : Interventions pour la Protection, la Valorisation et le travail en r\u00e9seau portant sur le Patrimoine Culturel, mat\u00e9riel et immat\u00e9riel, <br>&nbsp; &nbsp; &nbsp; &nbsp; &nbsp; &nbsp; &nbsp; &nbsp; &nbsp;dans les zones d&rsquo;attraction constituant un atout strat\u00e9gique tel \u00e0 consolider et promouvoir des processus de d\u00e9veloppement.<\/p>\n<p><em>&nbsp; &nbsp; &nbsp; &nbsp; &nbsp; &nbsp; &nbsp; &nbsp; &nbsp;Projet pour l\u2019adaptation fonctionnelle du Palais La Rocca \u00e0 des fins touristique et culturelle du site Unesco des villes du baroque tardif hybl\u00e9en.<\/em><\/p>\n<p><strong>Copyright<\/strong><\/p>\n<p>&nbsp; &nbsp; &nbsp; &nbsp; &nbsp; &nbsp; &nbsp; &nbsp; &nbsp;Libero Consorzio Comunale di Ragusa<\/p>\n<p><strong>Responsable du d\u00e9veloppement<\/strong><\/p>\n<p>&nbsp; &nbsp; &nbsp; &nbsp; &nbsp; &nbsp; &nbsp; &nbsp; &nbsp; ETT S.p.A.<\/p>\n<p><strong>Textes<br><\/strong>&nbsp; &nbsp; &nbsp; &nbsp; &nbsp; &nbsp; &nbsp; &nbsp; &nbsp; Arch. Giorgio Battaglia<\/p>\n<p><strong>Photographies<br><\/strong>&nbsp; &nbsp; &nbsp; &nbsp; &nbsp; &nbsp; &nbsp; &nbsp; &nbsp; Archives Carlo Giunta<br>&nbsp; &nbsp; &nbsp; &nbsp; &nbsp; &nbsp; &nbsp; &nbsp; &nbsp; Archives ETT S.p.A.<br>&nbsp; &nbsp; &nbsp; &nbsp; &nbsp; &nbsp; &nbsp; &nbsp; &nbsp; Archives Luigi Nifosi, Scicli, \u00e9glise Saint-Michel-Archange, photos f<\/p>\t\t\t\t\t\t<\/div>\n\t\t\t\t<\/div>\n\t\t\t\t\t<\/div>\n\t\t\t\t<\/div>\n\t\t\t\t\t\t\t<\/div>\n\t\t","protected":false},"excerpt":{"rendered":"<p>Informations utiles et cr\u00e9dits LIBERO CONSORZIO COMUNALE DI RAGUSA (ex Province R\u00e9gionale de Raguse)Viale del Fante, n\u00b02297100 Ragusa+39 0932 675280urp@provincia.ragusa.itwww.provincia.ragusa.it Projet financ\u00e9&nbsp; &nbsp; &nbsp; &nbsp; &#8230; <\/p>\n","protected":false},"author":5,"featured_media":0,"parent":0,"menu_order":0,"comment_status":"closed","ping_status":"closed","template":"elementor_header_footer","meta":{"footnotes":""},"class_list":["post-3339","page","type-page","status-publish","hentry"],"yoast_head":"<!-- This site is optimized with the Yoast SEO plugin v21.5 - https:\/\/yoast.com\/wordpress\/plugins\/seo\/ -->\n<title>Informations utiles et cr\u00e9dits - PALAZZO LA ROCCA<\/title>\n<meta name=\"robots\" content=\"index, follow, max-snippet:-1, max-image-preview:large, max-video-preview:-1\" \/>\n<link rel=\"canonical\" href=\"https:\/\/www.palazzolarocca.it\/fr\/informations\/\" \/>\n<meta property=\"og:locale\" content=\"fr_FR\" \/>\n<meta property=\"og:type\" content=\"article\" \/>\n<meta property=\"og:title\" content=\"Informations utiles et cr\u00e9dits - PALAZZO LA ROCCA\" \/>\n<meta property=\"og:description\" content=\"Informations utiles et cr\u00e9dits LIBERO CONSORZIO COMUNALE DI RAGUSA (ex Province R\u00e9gionale de Raguse)Viale del Fante, n\u00b02297100 Ragusa+39 0932 675280urp@provincia.ragusa.itwww.provincia.ragusa.it Projet financ\u00e9&nbsp; &nbsp; &nbsp; &nbsp; ...\" \/>\n<meta property=\"og:url\" content=\"https:\/\/www.palazzolarocca.it\/fr\/informations\/\" \/>\n<meta property=\"og:site_name\" content=\"PALAZZO LA ROCCA\" \/>\n<meta property=\"article:modified_time\" content=\"2024-07-15T10:39:39+00:00\" \/>\n<meta name=\"twitter:card\" content=\"summary_large_image\" \/>\n<meta name=\"twitter:label1\" content=\"Dur\u00e9e de lecture estim\u00e9e\" \/>\n\t<meta name=\"twitter:data1\" content=\"1 minute\" \/>\n<script type=\"application\/ld+json\" class=\"yoast-schema-graph\">{\"@context\":\"https:\/\/schema.org\",\"@graph\":[{\"@type\":\"WebPage\",\"@id\":\"https:\/\/www.palazzolarocca.it\/fr\/informations\/\",\"url\":\"https:\/\/www.palazzolarocca.it\/fr\/informations\/\",\"name\":\"Informations utiles et cr\u00e9dits - PALAZZO LA ROCCA\",\"isPartOf\":{\"@id\":\"https:\/\/www.palazzolarocca.it\/fr\/#website\"},\"datePublished\":\"2023-09-06T10:55:08+00:00\",\"dateModified\":\"2024-07-15T10:39:39+00:00\",\"breadcrumb\":{\"@id\":\"https:\/\/www.palazzolarocca.it\/fr\/informations\/#breadcrumb\"},\"inLanguage\":\"fr-FR\",\"potentialAction\":[{\"@type\":\"ReadAction\",\"target\":[\"https:\/\/www.palazzolarocca.it\/fr\/informations\/\"]}]},{\"@type\":\"BreadcrumbList\",\"@id\":\"https:\/\/www.palazzolarocca.it\/fr\/informations\/#breadcrumb\",\"itemListElement\":[{\"@type\":\"ListItem\",\"position\":1,\"name\":\"Home\",\"item\":\"https:\/\/www.palazzolarocca.it\/fr\/home\/\"},{\"@type\":\"ListItem\",\"position\":2,\"name\":\"Informations utiles et cr\u00e9dits\"}]},{\"@type\":\"WebSite\",\"@id\":\"https:\/\/www.palazzolarocca.it\/fr\/#website\",\"url\":\"https:\/\/www.palazzolarocca.it\/fr\/\",\"name\":\"PALAZZO LA ROCCA\",\"description\":\"Le citt\u00e0 tardo barocche Iblee del Patrimonio Unesco\",\"publisher\":{\"@id\":\"https:\/\/www.palazzolarocca.it\/fr\/#organization\"},\"potentialAction\":[{\"@type\":\"SearchAction\",\"target\":{\"@type\":\"EntryPoint\",\"urlTemplate\":\"https:\/\/www.palazzolarocca.it\/fr\/?s={search_term_string}\"},\"query-input\":\"required name=search_term_string\"}],\"inLanguage\":\"fr-FR\"},{\"@type\":\"Organization\",\"@id\":\"https:\/\/www.palazzolarocca.it\/fr\/#organization\",\"name\":\"PALAZZO LA ROCCA\",\"url\":\"https:\/\/www.palazzolarocca.it\/fr\/\",\"logo\":{\"@type\":\"ImageObject\",\"inLanguage\":\"fr-FR\",\"@id\":\"https:\/\/www.palazzolarocca.it\/fr\/#\/schema\/logo\/image\/\",\"url\":\"https:\/\/www.palazzolarocca.it\/wp-content\/uploads\/2023\/10\/cropped-logo_istituzionale_ridotto-2.png\",\"contentUrl\":\"https:\/\/www.palazzolarocca.it\/wp-content\/uploads\/2023\/10\/cropped-logo_istituzionale_ridotto-2.png\",\"width\":80,\"height\":13,\"caption\":\"PALAZZO LA ROCCA\"},\"image\":{\"@id\":\"https:\/\/www.palazzolarocca.it\/fr\/#\/schema\/logo\/image\/\"}}]}<\/script>\n<!-- \/ Yoast SEO plugin. -->","yoast_head_json":{"title":"Informations utiles et cr\u00e9dits - PALAZZO LA ROCCA","robots":{"index":"index","follow":"follow","max-snippet":"max-snippet:-1","max-image-preview":"max-image-preview:large","max-video-preview":"max-video-preview:-1"},"canonical":"https:\/\/www.palazzolarocca.it\/fr\/informations\/","og_locale":"fr_FR","og_type":"article","og_title":"Informations utiles et cr\u00e9dits - PALAZZO LA ROCCA","og_description":"Informations utiles et cr\u00e9dits LIBERO CONSORZIO COMUNALE DI RAGUSA (ex Province R\u00e9gionale de Raguse)Viale del Fante, n\u00b02297100 Ragusa+39 0932 675280urp@provincia.ragusa.itwww.provincia.ragusa.it Projet financ\u00e9&nbsp; &nbsp; &nbsp; &nbsp; ...","og_url":"https:\/\/www.palazzolarocca.it\/fr\/informations\/","og_site_name":"PALAZZO LA ROCCA","article_modified_time":"2024-07-15T10:39:39+00:00","twitter_card":"summary_large_image","twitter_misc":{"Dur\u00e9e de lecture estim\u00e9e":"1 minute"},"schema":{"@context":"https:\/\/schema.org","@graph":[{"@type":"WebPage","@id":"https:\/\/www.palazzolarocca.it\/fr\/informations\/","url":"https:\/\/www.palazzolarocca.it\/fr\/informations\/","name":"Informations utiles et cr\u00e9dits - PALAZZO LA ROCCA","isPartOf":{"@id":"https:\/\/www.palazzolarocca.it\/fr\/#website"},"datePublished":"2023-09-06T10:55:08+00:00","dateModified":"2024-07-15T10:39:39+00:00","breadcrumb":{"@id":"https:\/\/www.palazzolarocca.it\/fr\/informations\/#breadcrumb"},"inLanguage":"fr-FR","potentialAction":[{"@type":"ReadAction","target":["https:\/\/www.palazzolarocca.it\/fr\/informations\/"]}]},{"@type":"BreadcrumbList","@id":"https:\/\/www.palazzolarocca.it\/fr\/informations\/#breadcrumb","itemListElement":[{"@type":"ListItem","position":1,"name":"Home","item":"https:\/\/www.palazzolarocca.it\/fr\/home\/"},{"@type":"ListItem","position":2,"name":"Informations utiles et cr\u00e9dits"}]},{"@type":"WebSite","@id":"https:\/\/www.palazzolarocca.it\/fr\/#website","url":"https:\/\/www.palazzolarocca.it\/fr\/","name":"PALAZZO LA ROCCA","description":"Le citt\u00e0 tardo barocche Iblee del Patrimonio Unesco","publisher":{"@id":"https:\/\/www.palazzolarocca.it\/fr\/#organization"},"potentialAction":[{"@type":"SearchAction","target":{"@type":"EntryPoint","urlTemplate":"https:\/\/www.palazzolarocca.it\/fr\/?s={search_term_string}"},"query-input":"required name=search_term_string"}],"inLanguage":"fr-FR"},{"@type":"Organization","@id":"https:\/\/www.palazzolarocca.it\/fr\/#organization","name":"PALAZZO LA ROCCA","url":"https:\/\/www.palazzolarocca.it\/fr\/","logo":{"@type":"ImageObject","inLanguage":"fr-FR","@id":"https:\/\/www.palazzolarocca.it\/fr\/#\/schema\/logo\/image\/","url":"https:\/\/www.palazzolarocca.it\/wp-content\/uploads\/2023\/10\/cropped-logo_istituzionale_ridotto-2.png","contentUrl":"https:\/\/www.palazzolarocca.it\/wp-content\/uploads\/2023\/10\/cropped-logo_istituzionale_ridotto-2.png","width":80,"height":13,"caption":"PALAZZO LA ROCCA"},"image":{"@id":"https:\/\/www.palazzolarocca.it\/fr\/#\/schema\/logo\/image\/"}}]}},"_links":{"self":[{"href":"https:\/\/www.palazzolarocca.it\/fr\/wp-json\/wp\/v2\/pages\/3339","targetHints":{"allow":["GET"]}}],"collection":[{"href":"https:\/\/www.palazzolarocca.it\/fr\/wp-json\/wp\/v2\/pages"}],"about":[{"href":"https:\/\/www.palazzolarocca.it\/fr\/wp-json\/wp\/v2\/types\/page"}],"author":[{"embeddable":true,"href":"https:\/\/www.palazzolarocca.it\/fr\/wp-json\/wp\/v2\/users\/5"}],"replies":[{"embeddable":true,"href":"https:\/\/www.palazzolarocca.it\/fr\/wp-json\/wp\/v2\/comments?post=3339"}],"version-history":[{"count":12,"href":"https:\/\/www.palazzolarocca.it\/fr\/wp-json\/wp\/v2\/pages\/3339\/revisions"}],"predecessor-version":[{"id":9008,"href":"https:\/\/www.palazzolarocca.it\/fr\/wp-json\/wp\/v2\/pages\/3339\/revisions\/9008"}],"wp:attachment":[{"href":"https:\/\/www.palazzolarocca.it\/fr\/wp-json\/wp\/v2\/media?parent=3339"}],"curies":[{"name":"wp","href":"https:\/\/api.w.org\/{rel}","templated":true}]}}