{"id":3396,"date":"2023-09-06T12:15:57","date_gmt":"2023-09-06T10:15:57","guid":{"rendered":"https:\/\/www.palazzolarocca.it\/decouvrir-les-villes\/"},"modified":"2024-07-15T14:17:24","modified_gmt":"2024-07-15T12:17:24","slug":"decouvrir-les-villes","status":"publish","type":"page","link":"https:\/\/www.palazzolarocca.it\/fr\/home\/decouvrir-les-villes\/","title":{"rendered":"D\u00e9couvrez les Villes"},"content":{"rendered":"\t\t<div data-elementor-type=\"wp-page\" data-elementor-id=\"3396\" class=\"elementor elementor-3396 elementor-16\">\n\t\t\t\t\t\t\t<div class=\"elementor-element elementor-element-52c06e3 e-flex e-con-boxed e-con\" data-id=\"52c06e3\" data-element_type=\"container\" data-settings=\"{&quot;background_background&quot;:&quot;classic&quot;,&quot;content_width&quot;:&quot;boxed&quot;}\">\n\t\t\t\t\t<div class=\"e-con-inner\">\n\t\t\t\t<div class=\"elementor-element elementor-element-96deec3 elementor-widget elementor-widget-heading\" data-id=\"96deec3\" data-element_type=\"widget\" data-widget_type=\"heading.default\">\n\t\t\t\t<div class=\"elementor-widget-container\">\n\t\t\t<style>\/*! elementor - v3.15.0 - 02-08-2023 *\/\n.elementor-heading-title{padding:0;margin:0;line-height:1}.elementor-widget-heading .elementor-heading-title[class*=elementor-size-]>a{color:inherit;font-size:inherit;line-height:inherit}.elementor-widget-heading .elementor-heading-title.elementor-size-small{font-size:15px}.elementor-widget-heading .elementor-heading-title.elementor-size-medium{font-size:19px}.elementor-widget-heading .elementor-heading-title.elementor-size-large{font-size:29px}.elementor-widget-heading .elementor-heading-title.elementor-size-xl{font-size:39px}.elementor-widget-heading .elementor-heading-title.elementor-size-xxl{font-size:59px}<\/style><h1 class=\"elementor-heading-title elementor-size-default\">D\u00e9couvrez les Villes<\/h1>\t\t<\/div>\n\t\t\t\t<\/div>\n\t\t\t\t<div class=\"elementor-element elementor-element-7e8fb7a elementor-widget elementor-widget-text-editor\" data-id=\"7e8fb7a\" data-element_type=\"widget\" data-widget_type=\"text-editor.default\">\n\t\t\t\t<div class=\"elementor-widget-container\">\n\t\t\t<style>\/*! elementor - v3.15.0 - 02-08-2023 *\/\n.elementor-widget-text-editor.elementor-drop-cap-view-stacked .elementor-drop-cap{background-color:#69727d;color:#fff}.elementor-widget-text-editor.elementor-drop-cap-view-framed .elementor-drop-cap{color:#69727d;border:3px solid;background-color:transparent}.elementor-widget-text-editor:not(.elementor-drop-cap-view-default) .elementor-drop-cap{margin-top:8px}.elementor-widget-text-editor:not(.elementor-drop-cap-view-default) .elementor-drop-cap-letter{width:1em;height:1em}.elementor-widget-text-editor .elementor-drop-cap{float:left;text-align:center;line-height:1;font-size:50px}.elementor-widget-text-editor .elementor-drop-cap-letter{display:inline-block}<\/style>\t\t\t\t<p>Bienvenue au c\u0153ur du baroque tardif hybl\u00e9en, une r\u00e9gion qui incarne le charme historique de la Sicile. Plac\u00e9es au beau milieu de ce patrimoine artistique, les villes de Raguse, Scicli et Modica vous attendent.<\/p>\n<p>Rejoignez-nous dans un voyage \u00e0 travers les villes du baroque tardif hybl\u00e9en, une exp\u00e9rience qui vous plongera dans l&rsquo;art et l&rsquo;histoire de cette r\u00e9gion extraordinaire. Raguse, Scicli et Modica vous attendent avec leur beaut\u00e9 intemporelle.<\/p>\n\t\t\t\t\t\t<\/div>\n\t\t\t\t<\/div>\n\t\t\t\t<div class=\"elementor-element elementor-element-dc2cc4d elementor-widget elementor-widget-heading\" data-id=\"dc2cc4d\" data-element_type=\"widget\" data-widget_type=\"heading.default\">\n\t\t\t\t<div class=\"elementor-widget-container\">\n\t\t\t<h2 class=\"elementor-heading-title elementor-size-default\">Un voyage dans le baroque tardif hybl\u00e9en<\/h2>\t\t<\/div>\n\t\t\t\t<\/div>\n\t\t\t\t\t<\/div>\n\t\t\t\t<\/div>\n\t\t<div class=\"elementor-element elementor-element-d5abd0d e-flex e-con-boxed elementor-invisible e-con\" data-id=\"d5abd0d\" data-element_type=\"container\" data-settings=\"{&quot;animation&quot;:&quot;fadeIn&quot;,&quot;background_background&quot;:&quot;classic&quot;,&quot;content_width&quot;:&quot;boxed&quot;}\">\n\t\t\t\t\t<div class=\"e-con-inner\">\n\t\t<a class=\"elementor-element elementor-element-8c67b3c e-con-full e-flex e-con\" data-id=\"8c67b3c\" data-element_type=\"container\" data-settings=\"{&quot;content_width&quot;:&quot;full&quot;,&quot;background_background&quot;:&quot;gradient&quot;}\" href=\"https:\/\/www.palazzolarocca.it\/fr\/home\/decouvrir-les-villes\/raguse\/\">\n\t\t\t\t<div class=\"elementor-element elementor-element-92aadf0 elementor-widget elementor-widget-image\" data-id=\"92aadf0\" data-element_type=\"widget\" data-widget_type=\"image.default\">\n\t\t\t\t<div class=\"elementor-widget-container\">\n\t\t\t<style>\/*! elementor - v3.15.0 - 02-08-2023 *\/\n.elementor-widget-image{text-align:center}.elementor-widget-image a{display:inline-block}.elementor-widget-image a img[src$=\".svg\"]{width:48px}.elementor-widget-image img{vertical-align:middle;display:inline-block}<\/style>\t\t\t\t\t\t\t\t\t\t\t\t<img loading=\"lazy\" decoding=\"async\" width=\"640\" height=\"425\" src=\"https:\/\/www.palazzolarocca.it\/wp-content\/uploads\/2023\/10\/AdobeStock_231575600-1-1024x680.jpeg\" class=\"attachment-large size-large wp-image-1304\" alt=\"Ragusa vista dall&#039;alto\" srcset=\"https:\/\/www.palazzolarocca.it\/wp-content\/uploads\/2023\/10\/AdobeStock_231575600-1-1024x680.jpeg 1024w, https:\/\/www.palazzolarocca.it\/wp-content\/uploads\/2023\/10\/AdobeStock_231575600-1-300x199.jpeg 300w, https:\/\/www.palazzolarocca.it\/wp-content\/uploads\/2023\/10\/AdobeStock_231575600-1-768x510.jpeg 768w, https:\/\/www.palazzolarocca.it\/wp-content\/uploads\/2023\/10\/AdobeStock_231575600-1-120x80.jpeg 120w, https:\/\/www.palazzolarocca.it\/wp-content\/uploads\/2023\/10\/AdobeStock_231575600-1-391x260.jpeg 391w, https:\/\/www.palazzolarocca.it\/wp-content\/uploads\/2023\/10\/AdobeStock_231575600-1-1536x1020.jpeg 1536w, https:\/\/www.palazzolarocca.it\/wp-content\/uploads\/2023\/10\/AdobeStock_231575600-1-2048x1360.jpeg 2048w\" sizes=\"auto, (max-width: 640px) 100vw, 640px\" \/>\t\t\t\t\t\t\t\t\t\t\t\t\t\t\t<\/div>\n\t\t\t\t<\/div>\n\t\t\t\t<div class=\"elementor-element elementor-element-229dfba elementor-widget elementor-widget-heading\" data-id=\"229dfba\" data-element_type=\"widget\" data-widget_type=\"heading.default\">\n\t\t\t\t<div class=\"elementor-widget-container\">\n\t\t\t<h3 class=\"elementor-heading-title elementor-size-default\">Raguse<br>Une parfaite harmonie<\/h3>\t\t<\/div>\n\t\t\t\t<\/div>\n\t\t\t\t<div class=\"elementor-element elementor-element-93c56b1 elementor-widget elementor-widget-text-editor\" data-id=\"93c56b1\" data-element_type=\"widget\" data-widget_type=\"text-editor.default\">\n\t\t\t\t<div class=\"elementor-widget-container\">\n\t\t\t\t\t\t\t<p>Raguse vous surprendra par ses deux \u00e2mes : la magnifique Ragusa Superiore et l\u2019ancienne Ragusa Ibla. Avec ses ruelles pav\u00e9es, ses \u00e9difices baroques et ses places pittoresques, Raguse Ibla vous fera vivre un voyage dans le temps.<\/p>\n\t\t\t\t\t\t<\/div>\n\t\t\t\t<\/div>\n\t\t\t\t<\/a>\n\t\t<a class=\"elementor-element elementor-element-c20a933 e-con-full e-flex e-con\" data-id=\"c20a933\" data-element_type=\"container\" data-settings=\"{&quot;content_width&quot;:&quot;full&quot;}\" href=\"https:\/\/www.palazzolarocca.it\/fr\/home\/decouvrir-les-villes\/modica\/\">\n\t\t\t\t<div class=\"elementor-element elementor-element-b72801e elementor-widget elementor-widget-image\" data-id=\"b72801e\" data-element_type=\"widget\" data-widget_type=\"image.default\">\n\t\t\t\t<div class=\"elementor-widget-container\">\n\t\t\t\t\t\t\t\t\t\t\t\t\t\t\t<img loading=\"lazy\" decoding=\"async\" width=\"640\" height=\"425\" src=\"https:\/\/www.palazzolarocca.it\/wp-content\/uploads\/2023\/10\/AdobeStock_227825763-1-1024x680.jpeg\" class=\"attachment-large size-large wp-image-1302\" alt=\"Duomo di San Pietro visto di fronte, Modica\" srcset=\"https:\/\/www.palazzolarocca.it\/wp-content\/uploads\/2023\/10\/AdobeStock_227825763-1-1024x680.jpeg 1024w, https:\/\/www.palazzolarocca.it\/wp-content\/uploads\/2023\/10\/AdobeStock_227825763-1-300x199.jpeg 300w, https:\/\/www.palazzolarocca.it\/wp-content\/uploads\/2023\/10\/AdobeStock_227825763-1-768x510.jpeg 768w, https:\/\/www.palazzolarocca.it\/wp-content\/uploads\/2023\/10\/AdobeStock_227825763-1-120x80.jpeg 120w, https:\/\/www.palazzolarocca.it\/wp-content\/uploads\/2023\/10\/AdobeStock_227825763-1-391x260.jpeg 391w, https:\/\/www.palazzolarocca.it\/wp-content\/uploads\/2023\/10\/AdobeStock_227825763-1-1536x1020.jpeg 1536w, https:\/\/www.palazzolarocca.it\/wp-content\/uploads\/2023\/10\/AdobeStock_227825763-1-2048x1360.jpeg 2048w\" sizes=\"auto, (max-width: 640px) 100vw, 640px\" \/>\t\t\t\t\t\t\t\t\t\t\t\t\t\t\t<\/div>\n\t\t\t\t<\/div>\n\t\t\t\t<div class=\"elementor-element elementor-element-a360124 elementor-widget elementor-widget-heading\" data-id=\"a360124\" data-element_type=\"widget\" data-widget_type=\"heading.default\">\n\t\t\t\t<div class=\"elementor-widget-container\">\n\t\t\t<h3 class=\"elementor-heading-title elementor-size-default\"><span style=\"font-size: 31.986px;\">Modica<\/span><br><span style=\"font-size: 31.986px;\">Un oasis baroque<\/span><\/h3>\t\t<\/div>\n\t\t\t\t<\/div>\n\t\t\t\t<div class=\"elementor-element elementor-element-65e2638 elementor-widget elementor-widget-text-editor\" data-id=\"65e2638\" data-element_type=\"widget\" data-widget_type=\"text-editor.default\">\n\t\t\t\t<div class=\"elementor-widget-container\">\n\t\t\t\t\t\t\t<p>Modica est c\u00e9l\u00e8bre pour son architecture baroque. Explorez ses palais et ses \u00e9glises, comme la cath\u00e9drale Saint-Georges, et parcourez ses rues pav\u00e9es. D\u00e9couvrez les secrets de cette ville fascinante.<\/p>\n\t\t\t\t\t\t<\/div>\n\t\t\t\t<\/div>\n\t\t\t\t<\/a>\n\t\t<a class=\"elementor-element elementor-element-5a6b582 e-con-full e-flex e-con\" data-id=\"5a6b582\" data-element_type=\"container\" data-settings=\"{&quot;content_width&quot;:&quot;full&quot;}\" href=\"https:\/\/www.palazzolarocca.it\/fr\/home\/decouvrir-les-villes\/scicli\/\">\n\t\t\t\t<div class=\"elementor-element elementor-element-5bc41c2 elementor-widget elementor-widget-image\" data-id=\"5bc41c2\" data-element_type=\"widget\" data-widget_type=\"image.default\">\n\t\t\t\t<div class=\"elementor-widget-container\">\n\t\t\t\t\t\t\t\t\t\t\t\t\t\t\t<img loading=\"lazy\" decoding=\"async\" width=\"640\" height=\"425\" src=\"https:\/\/www.palazzolarocca.it\/wp-content\/uploads\/2023\/10\/AdobeStock_64087017-1-1024x680.jpeg\" class=\"attachment-large size-large wp-image-1305\" alt=\"Scicli vista dall&#039;alto\" srcset=\"https:\/\/www.palazzolarocca.it\/wp-content\/uploads\/2023\/10\/AdobeStock_64087017-1-1024x680.jpeg 1024w, https:\/\/www.palazzolarocca.it\/wp-content\/uploads\/2023\/10\/AdobeStock_64087017-1-300x199.jpeg 300w, https:\/\/www.palazzolarocca.it\/wp-content\/uploads\/2023\/10\/AdobeStock_64087017-1-768x510.jpeg 768w, https:\/\/www.palazzolarocca.it\/wp-content\/uploads\/2023\/10\/AdobeStock_64087017-1-120x80.jpeg 120w, https:\/\/www.palazzolarocca.it\/wp-content\/uploads\/2023\/10\/AdobeStock_64087017-1-391x260.jpeg 391w, https:\/\/www.palazzolarocca.it\/wp-content\/uploads\/2023\/10\/AdobeStock_64087017-1-1536x1020.jpeg 1536w, https:\/\/www.palazzolarocca.it\/wp-content\/uploads\/2023\/10\/AdobeStock_64087017-1-2048x1360.jpeg 2048w\" sizes=\"auto, (max-width: 640px) 100vw, 640px\" \/>\t\t\t\t\t\t\t\t\t\t\t\t\t\t\t<\/div>\n\t\t\t\t<\/div>\n\t\t\t\t<div class=\"elementor-element elementor-element-aa13b41 elementor-widget elementor-widget-heading\" data-id=\"aa13b41\" data-element_type=\"widget\" data-widget_type=\"heading.default\">\n\t\t\t\t<div class=\"elementor-widget-container\">\n\t\t\t<h3 class=\"elementor-heading-title elementor-size-default\">Scicli<br>Une beaut\u00e9 intemporelle<\/h3>\t\t<\/div>\n\t\t\t\t<\/div>\n\t\t\t\t<div class=\"elementor-element elementor-element-2160a00 elementor-widget elementor-widget-text-editor\" data-id=\"2160a00\" data-element_type=\"widget\" data-widget_type=\"text-editor.default\">\n\t\t\t\t<div class=\"elementor-widget-container\">\n\t\t\t\t\t\t\t<p>Scicli est un autre joyau du baroque tardif hybl\u00e9en. Ses palais majestueux et ses rues d\u00e9cor\u00e9es vous transporteront dans un monde d&rsquo;art vivant. Admirez l&rsquo;\u00e9glise Saint-Matthieu, class\u00e9e au Patrimoine Mondial de l\u2019UNESCO.<\/p>\n\t\t\t\t\t\t<\/div>\n\t\t\t\t<\/div>\n\t\t\t\t<\/a>\n\t\t<div class=\"elementor-element elementor-element-2554617 e-con-full e-flex e-con\" data-id=\"2554617\" data-element_type=\"container\" data-settings=\"{&quot;content_width&quot;:&quot;full&quot;}\">\n\t\t\t\t<\/div>\n\t\t<div class=\"elementor-element elementor-element-537f025 e-con-full e-flex e-con\" data-id=\"537f025\" data-element_type=\"container\" data-settings=\"{&quot;content_width&quot;:&quot;full&quot;}\">\n\t\t\t\t<\/div>\n\t\t<div class=\"elementor-element elementor-element-5eac925 e-con-full e-flex e-con\" data-id=\"5eac925\" data-element_type=\"container\" data-settings=\"{&quot;content_width&quot;:&quot;full&quot;}\">\n\t\t\t\t<\/div>\n\t\t\t\t\t<\/div>\n\t\t\t\t<\/div>\n\t\t\t\t\t\t\t<\/div>\n\t\t","protected":false},"excerpt":{"rendered":"<p>D\u00e9couvrez les Villes Bienvenue au c\u0153ur du baroque tardif hybl\u00e9en, une r\u00e9gion qui incarne le charme historique de la Sicile. Plac\u00e9es au beau milieu de &#8230; <\/p>\n","protected":false},"author":5,"featured_media":0,"parent":3404,"menu_order":0,"comment_status":"closed","ping_status":"closed","template":"elementor_header_footer","meta":{"footnotes":""},"class_list":["post-3396","page","type-page","status-publish","hentry"],"yoast_head":"<!-- This site is optimized with the Yoast SEO plugin v21.5 - https:\/\/yoast.com\/wordpress\/plugins\/seo\/ -->\n<title>D\u00e9couvrez les Villes - PALAZZO LA ROCCA<\/title>\n<meta name=\"robots\" content=\"index, follow, max-snippet:-1, max-image-preview:large, max-video-preview:-1\" \/>\n<link rel=\"canonical\" href=\"https:\/\/www.palazzolarocca.it\/fr\/home\/decouvrir-les-villes\/\" \/>\n<meta property=\"og:locale\" content=\"fr_FR\" \/>\n<meta property=\"og:type\" content=\"article\" \/>\n<meta property=\"og:title\" content=\"D\u00e9couvrez les Villes - PALAZZO LA ROCCA\" \/>\n<meta property=\"og:description\" content=\"D\u00e9couvrez les Villes Bienvenue au c\u0153ur du baroque tardif hybl\u00e9en, une r\u00e9gion qui incarne le charme historique de la Sicile. Plac\u00e9es au beau milieu de ...\" \/>\n<meta property=\"og:url\" content=\"https:\/\/www.palazzolarocca.it\/fr\/home\/decouvrir-les-villes\/\" \/>\n<meta property=\"og:site_name\" content=\"PALAZZO LA ROCCA\" \/>\n<meta property=\"article:modified_time\" content=\"2024-07-15T12:17:24+00:00\" \/>\n<meta property=\"og:image\" content=\"https:\/\/www.palazzolarocca.it\/wp-content\/uploads\/2023\/10\/AdobeStock_231575600-1-1024x680.jpeg\" \/>\n<meta name=\"twitter:card\" content=\"summary_large_image\" \/>\n<meta name=\"twitter:label1\" content=\"Dur\u00e9e de lecture estim\u00e9e\" \/>\n\t<meta name=\"twitter:data1\" content=\"2 minutes\" \/>\n<script type=\"application\/ld+json\" class=\"yoast-schema-graph\">{\"@context\":\"https:\/\/schema.org\",\"@graph\":[{\"@type\":\"WebPage\",\"@id\":\"https:\/\/www.palazzolarocca.it\/fr\/home\/decouvrir-les-villes\/\",\"url\":\"https:\/\/www.palazzolarocca.it\/fr\/home\/decouvrir-les-villes\/\",\"name\":\"D\u00e9couvrez les Villes - PALAZZO LA ROCCA\",\"isPartOf\":{\"@id\":\"https:\/\/www.palazzolarocca.it\/fr\/#website\"},\"datePublished\":\"2023-09-06T10:15:57+00:00\",\"dateModified\":\"2024-07-15T12:17:24+00:00\",\"breadcrumb\":{\"@id\":\"https:\/\/www.palazzolarocca.it\/fr\/home\/decouvrir-les-villes\/#breadcrumb\"},\"inLanguage\":\"fr-FR\",\"potentialAction\":[{\"@type\":\"ReadAction\",\"target\":[\"https:\/\/www.palazzolarocca.it\/fr\/home\/decouvrir-les-villes\/\"]}]},{\"@type\":\"BreadcrumbList\",\"@id\":\"https:\/\/www.palazzolarocca.it\/fr\/home\/decouvrir-les-villes\/#breadcrumb\",\"itemListElement\":[{\"@type\":\"ListItem\",\"position\":1,\"name\":\"Home\",\"item\":\"https:\/\/www.palazzolarocca.it\/fr\/home\/\"},{\"@type\":\"ListItem\",\"position\":2,\"name\":\"Home\",\"item\":\"https:\/\/www.palazzolarocca.it\/fr\/home\/\"},{\"@type\":\"ListItem\",\"position\":3,\"name\":\"D\u00e9couvrez les Villes\"}]},{\"@type\":\"WebSite\",\"@id\":\"https:\/\/www.palazzolarocca.it\/fr\/#website\",\"url\":\"https:\/\/www.palazzolarocca.it\/fr\/\",\"name\":\"PALAZZO LA ROCCA\",\"description\":\"Le citt\u00e0 tardo barocche Iblee del Patrimonio Unesco\",\"publisher\":{\"@id\":\"https:\/\/www.palazzolarocca.it\/fr\/#organization\"},\"potentialAction\":[{\"@type\":\"SearchAction\",\"target\":{\"@type\":\"EntryPoint\",\"urlTemplate\":\"https:\/\/www.palazzolarocca.it\/fr\/?s={search_term_string}\"},\"query-input\":\"required name=search_term_string\"}],\"inLanguage\":\"fr-FR\"},{\"@type\":\"Organization\",\"@id\":\"https:\/\/www.palazzolarocca.it\/fr\/#organization\",\"name\":\"PALAZZO LA ROCCA\",\"url\":\"https:\/\/www.palazzolarocca.it\/fr\/\",\"logo\":{\"@type\":\"ImageObject\",\"inLanguage\":\"fr-FR\",\"@id\":\"https:\/\/www.palazzolarocca.it\/fr\/#\/schema\/logo\/image\/\",\"url\":\"https:\/\/www.palazzolarocca.it\/wp-content\/uploads\/2023\/10\/cropped-logo_istituzionale_ridotto-2.png\",\"contentUrl\":\"https:\/\/www.palazzolarocca.it\/wp-content\/uploads\/2023\/10\/cropped-logo_istituzionale_ridotto-2.png\",\"width\":80,\"height\":13,\"caption\":\"PALAZZO LA ROCCA\"},\"image\":{\"@id\":\"https:\/\/www.palazzolarocca.it\/fr\/#\/schema\/logo\/image\/\"}}]}<\/script>\n<!-- \/ Yoast SEO plugin. -->","yoast_head_json":{"title":"D\u00e9couvrez les Villes - PALAZZO LA ROCCA","robots":{"index":"index","follow":"follow","max-snippet":"max-snippet:-1","max-image-preview":"max-image-preview:large","max-video-preview":"max-video-preview:-1"},"canonical":"https:\/\/www.palazzolarocca.it\/fr\/home\/decouvrir-les-villes\/","og_locale":"fr_FR","og_type":"article","og_title":"D\u00e9couvrez les Villes - PALAZZO LA ROCCA","og_description":"D\u00e9couvrez les Villes Bienvenue au c\u0153ur du baroque tardif hybl\u00e9en, une r\u00e9gion qui incarne le charme historique de la Sicile. Plac\u00e9es au beau milieu de ...","og_url":"https:\/\/www.palazzolarocca.it\/fr\/home\/decouvrir-les-villes\/","og_site_name":"PALAZZO LA ROCCA","article_modified_time":"2024-07-15T12:17:24+00:00","og_image":[{"url":"https:\/\/www.palazzolarocca.it\/wp-content\/uploads\/2023\/10\/AdobeStock_231575600-1-1024x680.jpeg"}],"twitter_card":"summary_large_image","twitter_misc":{"Dur\u00e9e de lecture estim\u00e9e":"2 minutes"},"schema":{"@context":"https:\/\/schema.org","@graph":[{"@type":"WebPage","@id":"https:\/\/www.palazzolarocca.it\/fr\/home\/decouvrir-les-villes\/","url":"https:\/\/www.palazzolarocca.it\/fr\/home\/decouvrir-les-villes\/","name":"D\u00e9couvrez les Villes - PALAZZO LA ROCCA","isPartOf":{"@id":"https:\/\/www.palazzolarocca.it\/fr\/#website"},"datePublished":"2023-09-06T10:15:57+00:00","dateModified":"2024-07-15T12:17:24+00:00","breadcrumb":{"@id":"https:\/\/www.palazzolarocca.it\/fr\/home\/decouvrir-les-villes\/#breadcrumb"},"inLanguage":"fr-FR","potentialAction":[{"@type":"ReadAction","target":["https:\/\/www.palazzolarocca.it\/fr\/home\/decouvrir-les-villes\/"]}]},{"@type":"BreadcrumbList","@id":"https:\/\/www.palazzolarocca.it\/fr\/home\/decouvrir-les-villes\/#breadcrumb","itemListElement":[{"@type":"ListItem","position":1,"name":"Home","item":"https:\/\/www.palazzolarocca.it\/fr\/home\/"},{"@type":"ListItem","position":2,"name":"Home","item":"https:\/\/www.palazzolarocca.it\/fr\/home\/"},{"@type":"ListItem","position":3,"name":"D\u00e9couvrez les Villes"}]},{"@type":"WebSite","@id":"https:\/\/www.palazzolarocca.it\/fr\/#website","url":"https:\/\/www.palazzolarocca.it\/fr\/","name":"PALAZZO LA ROCCA","description":"Le citt\u00e0 tardo barocche Iblee del Patrimonio Unesco","publisher":{"@id":"https:\/\/www.palazzolarocca.it\/fr\/#organization"},"potentialAction":[{"@type":"SearchAction","target":{"@type":"EntryPoint","urlTemplate":"https:\/\/www.palazzolarocca.it\/fr\/?s={search_term_string}"},"query-input":"required name=search_term_string"}],"inLanguage":"fr-FR"},{"@type":"Organization","@id":"https:\/\/www.palazzolarocca.it\/fr\/#organization","name":"PALAZZO LA ROCCA","url":"https:\/\/www.palazzolarocca.it\/fr\/","logo":{"@type":"ImageObject","inLanguage":"fr-FR","@id":"https:\/\/www.palazzolarocca.it\/fr\/#\/schema\/logo\/image\/","url":"https:\/\/www.palazzolarocca.it\/wp-content\/uploads\/2023\/10\/cropped-logo_istituzionale_ridotto-2.png","contentUrl":"https:\/\/www.palazzolarocca.it\/wp-content\/uploads\/2023\/10\/cropped-logo_istituzionale_ridotto-2.png","width":80,"height":13,"caption":"PALAZZO LA ROCCA"},"image":{"@id":"https:\/\/www.palazzolarocca.it\/fr\/#\/schema\/logo\/image\/"}}]}},"_links":{"self":[{"href":"https:\/\/www.palazzolarocca.it\/fr\/wp-json\/wp\/v2\/pages\/3396","targetHints":{"allow":["GET"]}}],"collection":[{"href":"https:\/\/www.palazzolarocca.it\/fr\/wp-json\/wp\/v2\/pages"}],"about":[{"href":"https:\/\/www.palazzolarocca.it\/fr\/wp-json\/wp\/v2\/types\/page"}],"author":[{"embeddable":true,"href":"https:\/\/www.palazzolarocca.it\/fr\/wp-json\/wp\/v2\/users\/5"}],"replies":[{"embeddable":true,"href":"https:\/\/www.palazzolarocca.it\/fr\/wp-json\/wp\/v2\/comments?post=3396"}],"version-history":[{"count":6,"href":"https:\/\/www.palazzolarocca.it\/fr\/wp-json\/wp\/v2\/pages\/3396\/revisions"}],"predecessor-version":[{"id":9013,"href":"https:\/\/www.palazzolarocca.it\/fr\/wp-json\/wp\/v2\/pages\/3396\/revisions\/9013"}],"up":[{"embeddable":true,"href":"https:\/\/www.palazzolarocca.it\/fr\/wp-json\/wp\/v2\/pages\/3404"}],"wp:attachment":[{"href":"https:\/\/www.palazzolarocca.it\/fr\/wp-json\/wp\/v2\/media?parent=3396"}],"curies":[{"name":"wp","href":"https:\/\/api.w.org\/{rel}","templated":true}]}}