{"id":3408,"date":"2023-09-06T12:15:57","date_gmt":"2023-09-06T10:15:57","guid":{"rendered":"https:\/\/www.palazzolarocca.it\/news\/"},"modified":"2023-11-13T12:26:57","modified_gmt":"2023-11-13T11:26:57","slug":"news","status":"publish","type":"page","link":"https:\/\/www.palazzolarocca.it\/fr\/news\/","title":{"rendered":"News"},"content":{"rendered":"\t\t<div data-elementor-type=\"wp-page\" data-elementor-id=\"3408\" class=\"elementor elementor-3408 elementor-19\">\n\t\t\t\t\t\t\t<div class=\"elementor-element elementor-element-e106293 e-flex e-con-boxed e-con\" data-id=\"e106293\" data-element_type=\"container\" data-settings=\"{&quot;content_width&quot;:&quot;boxed&quot;}\">\n\t\t\t\t\t<div class=\"e-con-inner\">\n\t\t\t\t<div class=\"elementor-element elementor-element-c86dd38 elementor-widget elementor-widget-heading\" data-id=\"c86dd38\" data-element_type=\"widget\" data-widget_type=\"heading.default\">\n\t\t\t\t<div class=\"elementor-widget-container\">\n\t\t\t<style>\/*! elementor - v3.15.0 - 02-08-2023 *\/\n.elementor-heading-title{padding:0;margin:0;line-height:1}.elementor-widget-heading .elementor-heading-title[class*=elementor-size-]>a{color:inherit;font-size:inherit;line-height:inherit}.elementor-widget-heading .elementor-heading-title.elementor-size-small{font-size:15px}.elementor-widget-heading .elementor-heading-title.elementor-size-medium{font-size:19px}.elementor-widget-heading .elementor-heading-title.elementor-size-large{font-size:29px}.elementor-widget-heading .elementor-heading-title.elementor-size-xl{font-size:39px}.elementor-widget-heading .elementor-heading-title.elementor-size-xxl{font-size:59px}<\/style><h1 class=\"elementor-heading-title elementor-size-default\">News<\/h1>\t\t<\/div>\n\t\t\t\t<\/div>\n\t\t\t\t<div class=\"elementor-element elementor-element-25ad39e elementor-widget elementor-widget-shortcode\" data-id=\"25ad39e\" data-element_type=\"widget\" data-widget_type=\"shortcode.default\">\n\t\t\t\t<div class=\"elementor-widget-container\">\n\t\t\t\t\t<div class=\"elementor-shortcode\"><div class=\"mec-wrap mec-skin-carousel-container  \" id=\"mec_skin_503\">\n        <div class=\"mec-skin-carousel-events-container\" id=\"mec_skin_events_503\">\n        Aucun \u00e9v\u00e9nement trouv\u00e9 !    <\/div>\n        <\/div><\/div>\n\t\t\t\t<\/div>\n\t\t\t\t<\/div>\n\t\t\t\t\t<\/div>\n\t\t\t\t<\/div>\n\t\t\t\t\t\t\t<\/div>\n\t\t","protected":false},"excerpt":{"rendered":"<p>News<\/p>\n","protected":false},"author":5,"featured_media":0,"parent":0,"menu_order":0,"comment_status":"closed","ping_status":"closed","template":"elementor_header_footer","meta":{"footnotes":""},"class_list":["post-3408","page","type-page","status-publish","hentry"],"yoast_head":"<!-- This site is optimized with the Yoast SEO plugin v21.5 - https:\/\/yoast.com\/wordpress\/plugins\/seo\/ -->\n<title>News - PALAZZO LA ROCCA<\/title>\n<meta name=\"robots\" content=\"index, follow, max-snippet:-1, max-image-preview:large, max-video-preview:-1\" \/>\n<link rel=\"canonical\" href=\"https:\/\/www.palazzolarocca.it\/fr\/news\/\" \/>\n<meta property=\"og:locale\" content=\"fr_FR\" \/>\n<meta property=\"og:type\" content=\"article\" \/>\n<meta property=\"og:title\" content=\"News - PALAZZO LA ROCCA\" \/>\n<meta property=\"og:description\" content=\"News\" \/>\n<meta property=\"og:url\" content=\"https:\/\/www.palazzolarocca.it\/fr\/news\/\" \/>\n<meta property=\"og:site_name\" content=\"PALAZZO LA ROCCA\" \/>\n<meta property=\"article:modified_time\" content=\"2023-11-13T11:26:57+00:00\" \/>\n<meta name=\"twitter:card\" content=\"summary_large_image\" \/>\n<script type=\"application\/ld+json\" class=\"yoast-schema-graph\">{\"@context\":\"https:\/\/schema.org\",\"@graph\":[{\"@type\":\"WebPage\",\"@id\":\"https:\/\/www.palazzolarocca.it\/fr\/news\/\",\"url\":\"https:\/\/www.palazzolarocca.it\/fr\/news\/\",\"name\":\"News - PALAZZO LA ROCCA\",\"isPartOf\":{\"@id\":\"https:\/\/www.palazzolarocca.it\/fr\/#website\"},\"datePublished\":\"2023-09-06T10:15:57+00:00\",\"dateModified\":\"2023-11-13T11:26:57+00:00\",\"breadcrumb\":{\"@id\":\"https:\/\/www.palazzolarocca.it\/fr\/news\/#breadcrumb\"},\"inLanguage\":\"fr-FR\",\"potentialAction\":[{\"@type\":\"ReadAction\",\"target\":[\"https:\/\/www.palazzolarocca.it\/fr\/news\/\"]}]},{\"@type\":\"BreadcrumbList\",\"@id\":\"https:\/\/www.palazzolarocca.it\/fr\/news\/#breadcrumb\",\"itemListElement\":[{\"@type\":\"ListItem\",\"position\":1,\"name\":\"Home\",\"item\":\"https:\/\/www.palazzolarocca.it\/fr\/home\/\"},{\"@type\":\"ListItem\",\"position\":2,\"name\":\"News\"}]},{\"@type\":\"WebSite\",\"@id\":\"https:\/\/www.palazzolarocca.it\/fr\/#website\",\"url\":\"https:\/\/www.palazzolarocca.it\/fr\/\",\"name\":\"PALAZZO LA ROCCA\",\"description\":\"Le citt\u00e0 tardo barocche Iblee del Patrimonio Unesco\",\"publisher\":{\"@id\":\"https:\/\/www.palazzolarocca.it\/fr\/#organization\"},\"potentialAction\":[{\"@type\":\"SearchAction\",\"target\":{\"@type\":\"EntryPoint\",\"urlTemplate\":\"https:\/\/www.palazzolarocca.it\/fr\/?s={search_term_string}\"},\"query-input\":\"required name=search_term_string\"}],\"inLanguage\":\"fr-FR\"},{\"@type\":\"Organization\",\"@id\":\"https:\/\/www.palazzolarocca.it\/fr\/#organization\",\"name\":\"PALAZZO LA ROCCA\",\"url\":\"https:\/\/www.palazzolarocca.it\/fr\/\",\"logo\":{\"@type\":\"ImageObject\",\"inLanguage\":\"fr-FR\",\"@id\":\"https:\/\/www.palazzolarocca.it\/fr\/#\/schema\/logo\/image\/\",\"url\":\"https:\/\/www.palazzolarocca.it\/wp-content\/uploads\/2023\/10\/cropped-logo_istituzionale_ridotto-2.png\",\"contentUrl\":\"https:\/\/www.palazzolarocca.it\/wp-content\/uploads\/2023\/10\/cropped-logo_istituzionale_ridotto-2.png\",\"width\":80,\"height\":13,\"caption\":\"PALAZZO LA ROCCA\"},\"image\":{\"@id\":\"https:\/\/www.palazzolarocca.it\/fr\/#\/schema\/logo\/image\/\"}}]}<\/script>\n<!-- \/ Yoast SEO plugin. -->","yoast_head_json":{"title":"News - PALAZZO LA ROCCA","robots":{"index":"index","follow":"follow","max-snippet":"max-snippet:-1","max-image-preview":"max-image-preview:large","max-video-preview":"max-video-preview:-1"},"canonical":"https:\/\/www.palazzolarocca.it\/fr\/news\/","og_locale":"fr_FR","og_type":"article","og_title":"News - PALAZZO LA ROCCA","og_description":"News","og_url":"https:\/\/www.palazzolarocca.it\/fr\/news\/","og_site_name":"PALAZZO LA ROCCA","article_modified_time":"2023-11-13T11:26:57+00:00","twitter_card":"summary_large_image","schema":{"@context":"https:\/\/schema.org","@graph":[{"@type":"WebPage","@id":"https:\/\/www.palazzolarocca.it\/fr\/news\/","url":"https:\/\/www.palazzolarocca.it\/fr\/news\/","name":"News - PALAZZO LA ROCCA","isPartOf":{"@id":"https:\/\/www.palazzolarocca.it\/fr\/#website"},"datePublished":"2023-09-06T10:15:57+00:00","dateModified":"2023-11-13T11:26:57+00:00","breadcrumb":{"@id":"https:\/\/www.palazzolarocca.it\/fr\/news\/#breadcrumb"},"inLanguage":"fr-FR","potentialAction":[{"@type":"ReadAction","target":["https:\/\/www.palazzolarocca.it\/fr\/news\/"]}]},{"@type":"BreadcrumbList","@id":"https:\/\/www.palazzolarocca.it\/fr\/news\/#breadcrumb","itemListElement":[{"@type":"ListItem","position":1,"name":"Home","item":"https:\/\/www.palazzolarocca.it\/fr\/home\/"},{"@type":"ListItem","position":2,"name":"News"}]},{"@type":"WebSite","@id":"https:\/\/www.palazzolarocca.it\/fr\/#website","url":"https:\/\/www.palazzolarocca.it\/fr\/","name":"PALAZZO LA ROCCA","description":"Le citt\u00e0 tardo barocche Iblee del Patrimonio Unesco","publisher":{"@id":"https:\/\/www.palazzolarocca.it\/fr\/#organization"},"potentialAction":[{"@type":"SearchAction","target":{"@type":"EntryPoint","urlTemplate":"https:\/\/www.palazzolarocca.it\/fr\/?s={search_term_string}"},"query-input":"required name=search_term_string"}],"inLanguage":"fr-FR"},{"@type":"Organization","@id":"https:\/\/www.palazzolarocca.it\/fr\/#organization","name":"PALAZZO LA ROCCA","url":"https:\/\/www.palazzolarocca.it\/fr\/","logo":{"@type":"ImageObject","inLanguage":"fr-FR","@id":"https:\/\/www.palazzolarocca.it\/fr\/#\/schema\/logo\/image\/","url":"https:\/\/www.palazzolarocca.it\/wp-content\/uploads\/2023\/10\/cropped-logo_istituzionale_ridotto-2.png","contentUrl":"https:\/\/www.palazzolarocca.it\/wp-content\/uploads\/2023\/10\/cropped-logo_istituzionale_ridotto-2.png","width":80,"height":13,"caption":"PALAZZO LA ROCCA"},"image":{"@id":"https:\/\/www.palazzolarocca.it\/fr\/#\/schema\/logo\/image\/"}}]}},"_links":{"self":[{"href":"https:\/\/www.palazzolarocca.it\/fr\/wp-json\/wp\/v2\/pages\/3408","targetHints":{"allow":["GET"]}}],"collection":[{"href":"https:\/\/www.palazzolarocca.it\/fr\/wp-json\/wp\/v2\/pages"}],"about":[{"href":"https:\/\/www.palazzolarocca.it\/fr\/wp-json\/wp\/v2\/types\/page"}],"author":[{"embeddable":true,"href":"https:\/\/www.palazzolarocca.it\/fr\/wp-json\/wp\/v2\/users\/5"}],"replies":[{"embeddable":true,"href":"https:\/\/www.palazzolarocca.it\/fr\/wp-json\/wp\/v2\/comments?post=3408"}],"version-history":[{"count":5,"href":"https:\/\/www.palazzolarocca.it\/fr\/wp-json\/wp\/v2\/pages\/3408\/revisions"}],"predecessor-version":[{"id":3413,"href":"https:\/\/www.palazzolarocca.it\/fr\/wp-json\/wp\/v2\/pages\/3408\/revisions\/3413"}],"wp:attachment":[{"href":"https:\/\/www.palazzolarocca.it\/fr\/wp-json\/wp\/v2\/media?parent=3408"}],"curies":[{"name":"wp","href":"https:\/\/api.w.org\/{rel}","templated":true}]}}